{"id":6664,"date":"2025-04-28T12:50:11","date_gmt":"2025-04-28T10:50:11","guid":{"rendered":"http:\/\/zspdabrowka.pl\/spdabrowka\/?page_id=6664"},"modified":"2025-04-28T12:58:28","modified_gmt":"2025-04-28T10:58:28","slug":"orientacja-zawodowa-kl-viii","status":"publish","type":"page","link":"https:\/\/zspdabrowka.pl\/spdabrowka\/orientacja-zawodowa-kl-viii\/","title":{"rendered":"Orientacja Zawodowa &#8211; kl. VIII"},"content":{"rendered":"\n<h4><a href=\"https:\/\/pspjodlowka.szkolnastrona.pl\/art,554,orientacja-zawodowa-klasa-8-rekrutacja-do-szkol-ponadpodstawowych\">Orientacja zawodowa klasa 8 &#8211; rekrutacja do szk\u00f3\u0142 ponadpodstawowych<\/a><\/h4>\n\n\n\n<p>Informacje dotycz\u0105ce wyboru \u015bcie\u017cki edukacyjnej dla uczni\u00f3w klasy VIII<\/p>\n\n\n\n<p>linki do stron:<\/p>\n\n\n\n<p><a href=\"https:\/\/2lobochnia.pl\/rekrutacja\/oferta-edukacyjna\">https:\/\/2lobochnia.pl\/rekrutacja\/oferta-edukacyjna<\/a><\/p>\n\n\n\n<p><a href=\"https:\/\/zs1.bochnia.pl\/rekrutacja\/oferta-dydaktyczna\">https:\/\/zs1.bochnia.pl\/rekrutacja\/oferta-dydaktyczna<\/a><\/p>\n\n\n\n<p><a href=\"https:\/\/1lo.bochnia.pl\/dla-kandydata\/rekrutacja\">https:\/\/1lo.bochnia.pl\/dla-kandydata\/rekrutacja<\/a><\/p>\n","protected":false},"excerpt":{"rendered":"<p>Orientacja zawodowa klasa 8 &#8211; rekrutacja do szk\u00f3\u0142 ponadpodstawowych Informacje dotycz\u0105ce wyboru \u015bcie\u017cki edukacyjnej dla uczni\u00f3w klasy VIII linki do stron: https:\/\/2lobochnia.pl\/rekrutacja\/oferta-edukacyjna https:\/\/zs1.bochnia.pl\/rekrutacja\/oferta-dydaktyczna https:\/\/1lo.bochnia.pl\/dla-kandydata\/rekrutacja<\/p>\n","protected":false},"author":1,"featured_media":0,"parent":0,"menu_order":0,"comment_status":"closed","ping_status":"closed","template":"","meta":{"ngg_post_thumbnail":0},"_links":{"self":[{"href":"https:\/\/zspdabrowka.pl\/spdabrowka\/wp-json\/wp\/v2\/pages\/6664"}],"collection":[{"href":"https:\/\/zspdabrowka.pl\/spdabrowka\/wp-json\/wp\/v2\/pages"}],"about":[{"href":"https:\/\/zspdabrowka.pl\/spdabrowka\/wp-json\/wp\/v2\/types\/page"}],"author":[{"embeddable":true,"href":"https:\/\/zspdabrowka.pl\/spdabrowka\/wp-json\/wp\/v2\/users\/1"}],"replies":[{"embeddable":true,"href":"https:\/\/zspdabrowka.pl\/spdabrowka\/wp-json\/wp\/v2\/comments?post=6664"}],"version-history":[{"count":4,"href":"https:\/\/zspdabrowka.pl\/spdabrowka\/wp-json\/wp\/v2\/pages\/6664\/revisions"}],"predecessor-version":[{"id":6671,"href":"https:\/\/zspdabrowka.pl\/spdabrowka\/wp-json\/wp\/v2\/pages\/6664\/revisions\/6671"}],"wp:attachment":[{"href":"https:\/\/zspdabrowka.pl\/spdabrowka\/wp-json\/wp\/v2\/media?parent=6664"}],"curies":[{"name":"wp","href":"https:\/\/api.w.org\/{rel}","templated":true}]}}