{"id":6425,"date":"2025-02-20T13:16:52","date_gmt":"2025-02-20T12:16:52","guid":{"rendered":"http:\/\/zspdabrowka.pl\/spdabrowka\/?page_id=6425"},"modified":"2026-02-17T15:04:15","modified_gmt":"2026-02-17T14:04:15","slug":"swietlica","status":"publish","type":"page","link":"https:\/\/zspdabrowka.pl\/spdabrowka\/swietlica\/","title":{"rendered":"\u015awietlica Szkolna"},"content":{"rendered":"\n<figure class=\"wp-block-image size-large\"><img loading=\"lazy\" width=\"609\" height=\"373\" src=\"https:\/\/zspdabrowka.pl\/spdabrowka\/wp-content\/uploads\/2025\/02\/obraz.png\" alt=\"\" class=\"wp-image-6427\" srcset=\"https:\/\/zspdabrowka.pl\/spdabrowka\/wp-content\/uploads\/2025\/02\/obraz.png 609w, https:\/\/zspdabrowka.pl\/spdabrowka\/wp-content\/uploads\/2025\/02\/obraz-300x184.png 300w\" sizes=\"(max-width: 609px) 100vw, 609px\" \/><\/figure>\n\n\n\n<p><strong>Zapisy na \u015bwietlic\u0119 szkoln\u0105 <\/strong>rozpoczynaj\u0105 si\u0119 <\/p>\n\n\n\n<p><strong>02.03.2026 roku od godz. 8:00 i potrwaj\u0105 do 13.03.2026 do godz. 15:00.<\/strong> Wszelka niezb\u0119dna dokumentacja znajduje si\u0119 w zak\u0142adce &#8222;\u015awietlica szkolna\u201d lub mo\u017cna j\u0105 otrzyma\u0107 w sekretariacie Zespo\u0142u Szkolno-Przedszkolnego.<\/p>\n\n\n\n<p><strong>Uwaga: Dziecko nale\u017cy zapisa\u0107 na \u015bwietlic\u0119 na ka\u017cdy rok szkolny.<\/strong><\/p>\n\n\n\n<p><\/p>\n\n\n\n<div class=\"wp-block-file\"><a href=\"https:\/\/zspdabrowka.pl\/spdabrowka\/wp-content\/uploads\/2025\/02\/Regulamin-swietlicy-szkolnej-przy-Publicznej-Szkole-Podstawowej.docx\">Regulamin-swietlicy-szkolnej-przy-Publicznej-Szkole-Podstawowej<\/a><a href=\"https:\/\/zspdabrowka.pl\/spdabrowka\/wp-content\/uploads\/2025\/02\/Regulamin-swietlicy-szkolnej-przy-Publicznej-Szkole-Podstawowej.docx\" class=\"wp-block-file__button\" download>Pobierz<\/a><\/div>\n\n\n\n<div class=\"wp-block-file\"><a href=\"https:\/\/zspdabrowka.pl\/spdabrowka\/wp-content\/uploads\/2026\/02\/Oswiadczenie-rodzicow-o-upowaznieniu-innych-osob-do-odbioru-dziecka-oraz-klauzula-informacyjna-dla-tych-osob_.docx\">Oswiadczenie-rodzicow-o-upowaznieniu-innych-osob-do-odbioru-dziecka-oraz-klauzula-informacyjna-dla-tych-osob_<\/a><a href=\"https:\/\/zspdabrowka.pl\/spdabrowka\/wp-content\/uploads\/2026\/02\/Oswiadczenie-rodzicow-o-upowaznieniu-innych-osob-do-odbioru-dziecka-oraz-klauzula-informacyjna-dla-tych-osob_.docx\" class=\"wp-block-file__button\" download>Pobierz<\/a><\/div>\n\n\n\n<div class=\"wp-block-file\"><a href=\"https:\/\/zspdabrowka.pl\/spdabrowka\/wp-content\/uploads\/2026\/02\/Karta-zgloszenia-dziecka-do-swietlicy-szkolnej.docx\">Karta-zgloszenia-dziecka-do-swietlicy-szkolnej<\/a><a href=\"https:\/\/zspdabrowka.pl\/spdabrowka\/wp-content\/uploads\/2026\/02\/Karta-zgloszenia-dziecka-do-swietlicy-szkolnej.docx\" class=\"wp-block-file__button\" download>Pobierz<\/a><\/div>\n\n\n\n<div class=\"wp-block-file\"><a href=\"https:\/\/zspdabrowka.pl\/spdabrowka\/wp-content\/uploads\/2025\/02\/Oswiadczenie-rodzicow-o-upowaznieniu-innych-osob-do-odbioru-dziecka-oraz-klauzula-informacyjna-dla-tych-osob..docx\" class=\"wp-block-file__button\" download>Pobierz<\/a><\/div>\n","protected":false},"excerpt":{"rendered":"<p>Zapisy na \u015bwietlic\u0119 szkoln\u0105 rozpoczynaj\u0105 si\u0119 02.03.2026 roku od godz. 8:00 i potrwaj\u0105 do 13.03.2026 do godz. 15:00. Wszelka niezb\u0119dna dokumentacja znajduje si\u0119 w zak\u0142adce &#8222;\u015awietlica szkolna\u201d lub mo\u017cna j\u0105 otrzyma\u0107 w sekretariacie Zespo\u0142u Szkolno-Przedszkolnego. Uwaga: Dziecko nale\u017cy zapisa\u0107 na \u015bwietlic\u0119 na ka\u017cdy rok szkolny.<\/p>\n","protected":false},"author":1,"featured_media":0,"parent":0,"menu_order":0,"comment_status":"closed","ping_status":"closed","template":"","meta":{"ngg_post_thumbnail":0},"_links":{"self":[{"href":"https:\/\/zspdabrowka.pl\/spdabrowka\/wp-json\/wp\/v2\/pages\/6425"}],"collection":[{"href":"https:\/\/zspdabrowka.pl\/spdabrowka\/wp-json\/wp\/v2\/pages"}],"about":[{"href":"https:\/\/zspdabrowka.pl\/spdabrowka\/wp-json\/wp\/v2\/types\/page"}],"author":[{"embeddable":true,"href":"https:\/\/zspdabrowka.pl\/spdabrowka\/wp-json\/wp\/v2\/users\/1"}],"replies":[{"embeddable":true,"href":"https:\/\/zspdabrowka.pl\/spdabrowka\/wp-json\/wp\/v2\/comments?post=6425"}],"version-history":[{"count":3,"href":"https:\/\/zspdabrowka.pl\/spdabrowka\/wp-json\/wp\/v2\/pages\/6425\/revisions"}],"predecessor-version":[{"id":7322,"href":"https:\/\/zspdabrowka.pl\/spdabrowka\/wp-json\/wp\/v2\/pages\/6425\/revisions\/7322"}],"wp:attachment":[{"href":"https:\/\/zspdabrowka.pl\/spdabrowka\/wp-json\/wp\/v2\/media?parent=6425"}],"curies":[{"name":"wp","href":"https:\/\/api.w.org\/{rel}","templated":true}]}}