{"id":409,"date":"2019-01-15T12:21:47","date_gmt":"2019-01-15T11:21:47","guid":{"rendered":"https:\/\/zspdabrowka.pl\/spdabrowka\/?page_id=409"},"modified":"2021-02-22T21:11:04","modified_gmt":"2021-02-22T20:11:04","slug":"spinka","status":"publish","type":"page","link":"https:\/\/zspdabrowka.pl\/spdabrowka\/spinka\/","title":{"rendered":"SPInKa"},"content":{"rendered":"<p style=\"text-align: center;\"><em><strong>Szkolny Punkt Informacji i Kariery &#8211; SPInKa<\/strong><\/em><\/p>\n<p><strong>MODERNIZACJA KSZTA\u0141CENIA ZAWODOWEGO W MA\u0141OPOLSCE II W ZAKRESIE DORADZTWA ZAWODOWEGO<\/strong><\/p>\n<p>W naszej szkole od 4 wrze\u015bnia 2017 roku jest realizowany projekt \u201eModernizacja kszta\u0142cenia zawodowego w Ma\u0142opolsce II w zakresie doradztwa edukacyjno-zawodowego\u201d. Jednym z komponent\u00f3w projektu jest wsparcie orientacji zawodowej uczni\u00f3w szk\u00f3\u0142 podstawowych &nbsp;\u2013 przedsi\u0119wzi\u0119cie ma na celu zapewnienie dost\u0119pu do doradztwa edukacyjno-zawodowego dla wszystkich zainteresowanych uczni\u00f3w klasy trzeciej &nbsp;gimnazjalnej <!--more-->oraz \u00f3smej od II semestru bie\u017c\u0105cego roku szkolnego tak, by ich wybory edukacyjne, a nast\u0119pnie kariera zawodowa wynika\u0142y z w\u0142a\u015bciwego rozpoznania ich predyspozycji oraz sytuacji na rynku pracy. Utworzony zosta\u0142 Szkolny Punkt Informacji i Kariery (SPInKa) umo\u017cliwiaj\u0105cy realizacj\u0119 doradztwa edukacyjno \u2013 zawodowego dla uczni\u00f3w, w ramach kt\u00f3rego jest zapewniony dost\u0119p do poradnictwa edukacyjno-zawodowego. Zadania w SPInKa realizuje &nbsp;doradca zawodowy zatrudniony w szkole .<\/p>\n<p>Rekrutacja uczni\u00f3w klasy VIII rozpocznie si\u0119 3.01.2019r. Uczniowie obj\u0119ci programem i kontynuuj\u0105cy w nim udzia\u0142 to uczniowie klasy &nbsp;3 Gimnazjum.<\/p>\n<p><strong>Czas trwania projektu 01.01.2016 \u2013 31.12.2021.<\/strong><\/p>\n<p><strong>&nbsp;<\/strong><\/p>\n<p>Udzia\u0142 uczni\u00f3w w projekcie jest bezp\u0142atny.&nbsp;Zadeklarowanie przez ucznia uczestnictwa w projekcie jest zobowi\u0105zaniem ucznia do udzia\u0142u w zaj\u0119ciach grupowych z zakresu doradztwa edukacyjno \u2013 zawodowego i konsultacjach indywidualnych w ca\u0142ym cyklu ich trwania oraz do prac (wsp\u00f3lnie z doradc\u0105) nad Indywidualnym Planem Dzia\u0142ania (IPD), kt\u00f3ry jest ostatnim etapem procesu doradczego. Po przygotowaniu IPD uczestnik\/uczestniczka otrzymaj\u0105 za\u015bwiadczenia o uczestnictwie w projekcie.<\/p>\n<p>Uczestnicy projektu s\u0105 zobowi\u0105zani do ka\u017cdorazowego potwierdzania swojej obecno\u015bci na zaj\u0119ciach i indywidualnych konsultacjach podpisem na li\u015bcie obecno\u015bci.<\/p>\n<p><strong>&nbsp;<\/strong><\/p>\n<p>Wi\u0119cej informacji na stronie <a href=\"http:\/\/www.zawodowamalopolska.pl\" class=\"broken_link\">www.zawodowamalopolska.pl<\/a>.<\/p>\n<p>&nbsp;<\/p>\n<p><strong>3 stycznia 2019 roku ruszy\u0142a rekrutacja klasy 8 do projektu SPInKa.<\/strong><\/p>\n<p>Regulamin rekrutacji w zak\u0142adce &#8222;Dokumenty&#8221;\/pliki do pobrania.<\/p>\n<p><a href=\"http:\/\/zspdabrowka.pl\/spdabrowka\/wp-content\/uploads\/2019\/01\/Regulamin-SPINKI.docx\">Regulamin SPInKI<\/a><\/p>\n<p><img loading=\"lazy\" class=\" wp-image-366 aligncenter\" src=\"http:\/\/zspdabrowka.pl\/spdabrowka\/wp-content\/uploads\/2019\/01\/Bez-tytu\u0142u-300x46.png\" alt=\"\" width=\"352\" height=\"54\" srcset=\"https:\/\/zspdabrowka.pl\/spdabrowka\/wp-content\/uploads\/2019\/01\/Bez-tytu\u0142u-300x46.png 300w, https:\/\/zspdabrowka.pl\/spdabrowka\/wp-content\/uploads\/2019\/01\/Bez-tytu\u0142u-768x118.png 768w, https:\/\/zspdabrowka.pl\/spdabrowka\/wp-content\/uploads\/2019\/01\/Bez-tytu\u0142u.png 904w\" sizes=\"(max-width: 352px) 100vw, 352px\" \/><\/p>\n","protected":false},"excerpt":{"rendered":"<p>Szkolny Punkt Informacji i Kariery &#8211; SPInKa MODERNIZACJA KSZTA\u0141CENIA ZAWODOWEGO W MA\u0141OPOLSCE II W ZAKRESIE DORADZTWA ZAWODOWEGO W naszej szkole od 4 wrze\u015bnia 2017 roku jest realizowany projekt \u201eModernizacja kszta\u0142cenia zawodowego w Ma\u0142opolsce II w zakresie doradztwa edukacyjno-zawodowego\u201d. Jednym z komponent\u00f3w projektu jest wsparcie orientacji zawodowej uczni\u00f3w szk\u00f3\u0142 podstawowych &nbsp;\u2013 [&hellip;]<\/p>\n","protected":false},"author":1,"featured_media":0,"parent":0,"menu_order":0,"comment_status":"closed","ping_status":"closed","template":"","meta":{"ngg_post_thumbnail":0},"_links":{"self":[{"href":"https:\/\/zspdabrowka.pl\/spdabrowka\/wp-json\/wp\/v2\/pages\/409"}],"collection":[{"href":"https:\/\/zspdabrowka.pl\/spdabrowka\/wp-json\/wp\/v2\/pages"}],"about":[{"href":"https:\/\/zspdabrowka.pl\/spdabrowka\/wp-json\/wp\/v2\/types\/page"}],"author":[{"embeddable":true,"href":"https:\/\/zspdabrowka.pl\/spdabrowka\/wp-json\/wp\/v2\/users\/1"}],"replies":[{"embeddable":true,"href":"https:\/\/zspdabrowka.pl\/spdabrowka\/wp-json\/wp\/v2\/comments?post=409"}],"version-history":[{"count":4,"href":"https:\/\/zspdabrowka.pl\/spdabrowka\/wp-json\/wp\/v2\/pages\/409\/revisions"}],"predecessor-version":[{"id":3119,"href":"https:\/\/zspdabrowka.pl\/spdabrowka\/wp-json\/wp\/v2\/pages\/409\/revisions\/3119"}],"wp:attachment":[{"href":"https:\/\/zspdabrowka.pl\/spdabrowka\/wp-json\/wp\/v2\/media?parent=409"}],"curies":[{"name":"wp","href":"https:\/\/api.w.org\/{rel}","templated":true}]}}