{"id":39,"date":"2018-10-24T22:47:58","date_gmt":"2018-10-24T20:47:58","guid":{"rendered":"https:\/\/zspdabrowka.pl\/spdabrowka\/?page_id=39"},"modified":"2018-11-26T01:33:36","modified_gmt":"2018-11-26T00:33:36","slug":"pomoc-materialna","status":"publish","type":"page","link":"https:\/\/zspdabrowka.pl\/spdabrowka\/pomoc-materialna\/","title":{"rendered":"Pomoc materialna"},"content":{"rendered":"<p style=\"text-align: center;\"><span style=\"color: #003366;\"><strong>Pomoc materialna i stypendium szkolne <\/strong><\/span><\/p>\n<p>&nbsp;<\/p>\n<ul>\n<li><span style=\"color: #993300;\"><strong>Pomoc materialna:<\/strong><\/span><\/li>\n<\/ul>\n<p>Zasi\u0142ek szkolny mo\u017ce otrzyma\u0107 ucze\u0144 zamieszka\u0142y na terenie Gminy Rzezawa znajduj\u0105cy si\u0119 przej\u015bciowo w trudnej sytuacji z powodu zdarzenia losowego.<\/p>\n<p>Przez zdarzenie losowe rozumie si\u0119 zjawisko zewn\u0119trzne w stosunku do uprawnionego, kt\u00f3rego nie mo\u017cna by\u0142o przewidzie\u0107 ani mu przeciwdzia\u0142a\u0107, a w szczeg\u00f3lno\u015bci:<\/p>\n<ul>\n<li>\u015bmier\u0107 rodzica lub prawnego opiekuna,<\/li>\n<li>po\u017car, zalanie domu\/mieszkania,<\/li>\n<li>nag\u0142a choroba w rodzinie ucznia, kt\u00f3ra powoduje znaczne obci\u0105\u017cenie finansowe,<\/li>\n<li>nieszcz\u0119\u015bliwy wypadek powoduj\u0105cy trwa\u0142y uszczerbek na zdrowiu cz\u0142onk\u00f3w rodziny ucznia,<\/li>\n<li>kradzie\u017c w domu\/mieszkaniu ucznia,<\/li>\n<li>inne okoliczno\u015bci, kt\u00f3re wp\u0142ywaj\u0105 na sytuacj\u0119 finansow\u0105 rodziny i mog\u0105 zak\u0142\u00f3ci\u0107 prawid\u0142owy przebieg procesu edukacji.<\/li>\n<\/ul>\n<p>&nbsp;<\/p>\n<ul>\n<li><span style=\"color: #993300;\"><strong>Stypendium szkolne:<\/strong><\/span><\/li>\n<\/ul>\n<p>Stypendium mo\u017ce otrzyma\u0107 ucze\u0144 zamieszka\u0142y na terenie Gminy Rzezawa znajduj\u0105cy si\u0119 w trudnej sytuacji materialnej, wynikaj\u0105cej z niskich dochod\u00f3w na osob\u0119 w rodzinie, w szczeg\u00f3lno\u015bci, gdy w rodzinie wyst\u0119puje: bezrobocie, niepe\u0142nosprawno\u015b\u0107, ci\u0119\u017cka lub d\u0142ugotrwa\u0142a choroba, wielodzietno\u015b\u0107, brak umiej\u0119tno\u015bci wype\u0142niania funkcji opieku\u0144czo \u2013 wychowawczych, alkoholizm i narkomania, a tak\u017ce gdy jest to rodzina niepe\u0142na lub wyst\u0105pi\u0142o zdarzenie losowe.<\/p>\n<p>&nbsp;<\/p>\n<p><strong>Wi\u0119cej informacji:<\/strong> <a href=\"http:\/\/rzezawa.pl\/?c=mdTresc-cmPokaz-66\">http:\/\/rzezawa.pl\/?c=mdTresc-cmPokaz-66<\/a><\/p>\n","protected":false},"excerpt":{"rendered":"<p>Pomoc materialna i stypendium szkolne &nbsp; Pomoc materialna: Zasi\u0142ek szkolny mo\u017ce otrzyma\u0107 ucze\u0144 zamieszka\u0142y na terenie Gminy Rzezawa znajduj\u0105cy si\u0119 przej\u015bciowo w trudnej sytuacji z powodu zdarzenia losowego. Przez zdarzenie losowe rozumie si\u0119 zjawisko zewn\u0119trzne w stosunku do uprawnionego, kt\u00f3rego nie mo\u017cna by\u0142o przewidzie\u0107 ani mu przeciwdzia\u0142a\u0107, a w szczeg\u00f3lno\u015bci: [&hellip;]<\/p>\n","protected":false},"author":1,"featured_media":0,"parent":0,"menu_order":0,"comment_status":"closed","ping_status":"closed","template":"","meta":{"ngg_post_thumbnail":0},"_links":{"self":[{"href":"https:\/\/zspdabrowka.pl\/spdabrowka\/wp-json\/wp\/v2\/pages\/39"}],"collection":[{"href":"https:\/\/zspdabrowka.pl\/spdabrowka\/wp-json\/wp\/v2\/pages"}],"about":[{"href":"https:\/\/zspdabrowka.pl\/spdabrowka\/wp-json\/wp\/v2\/types\/page"}],"author":[{"embeddable":true,"href":"https:\/\/zspdabrowka.pl\/spdabrowka\/wp-json\/wp\/v2\/users\/1"}],"replies":[{"embeddable":true,"href":"https:\/\/zspdabrowka.pl\/spdabrowka\/wp-json\/wp\/v2\/comments?post=39"}],"version-history":[{"count":2,"href":"https:\/\/zspdabrowka.pl\/spdabrowka\/wp-json\/wp\/v2\/pages\/39\/revisions"}],"predecessor-version":[{"id":139,"href":"https:\/\/zspdabrowka.pl\/spdabrowka\/wp-json\/wp\/v2\/pages\/39\/revisions\/139"}],"wp:attachment":[{"href":"https:\/\/zspdabrowka.pl\/spdabrowka\/wp-json\/wp\/v2\/media?parent=39"}],"curies":[{"name":"wp","href":"https:\/\/api.w.org\/{rel}","templated":true}]}}