{"id":38,"date":"2018-10-24T22:47:57","date_gmt":"2018-10-24T20:47:57","guid":{"rendered":"https:\/\/zspdabrowka.pl\/spdabrowka\/?page_id=38"},"modified":"2021-10-11T08:50:07","modified_gmt":"2021-10-11T06:50:07","slug":"ubezpieczenie-dzieci","status":"publish","type":"page","link":"https:\/\/zspdabrowka.pl\/spdabrowka\/ubezpieczenie-dzieci\/","title":{"rendered":"Ubezpieczenie dzieci"},"content":{"rendered":"\n<div class=\"wp-block-file aligncenter\"><a href=\"https:\/\/zspdabrowka.pl\/spdabrowka\/wp-content\/uploads\/2021\/10\/szkola-polisa-skompresowany.pdf\">Polisa ubezpieczeniowa &#8211; Publiczna Szko\u0142a Podstawowa im. Prymasa Stefana Kardyna\u0142a Wyszy\u0144skiego w D\u0105br\u00f3wce <\/a><a href=\"https:\/\/zspdabrowka.pl\/spdabrowka\/wp-content\/uploads\/2021\/10\/szkola-polisa-skompresowany.pdf\" class=\"wp-block-file__button\" download>Pobierz<\/a><\/div>\n\n\n\n<div class=\"wp-block-file aligncenter\"><a href=\"https:\/\/zspdabrowka.pl\/spdabrowka\/wp-content\/uploads\/2021\/10\/przedszkole-polisa-skompresowany.pdf\"><br><br>Polisa ubezpieczeniowa- Publiczne Przedszkole w D\u0105br\u00f3wce oraz w Oddziale Zamiejscowym w Bratucicach <\/a><a href=\"https:\/\/zspdabrowka.pl\/spdabrowka\/wp-content\/uploads\/2021\/10\/przedszkole-polisa-skompresowany.pdf\" class=\"wp-block-file__button\" download>Pobierz<\/a><\/div>\n\n\n\n<div class=\"wp-block-file aligncenter\"><a href=\"https:\/\/zspdabrowka.pl\/spdabrowka\/wp-content\/uploads\/2021\/10\/ubezpieczenie.pdf\"><br>Informacje o ubezpieczeniu.<\/a><a href=\"https:\/\/zspdabrowka.pl\/spdabrowka\/wp-content\/uploads\/2021\/10\/ubezpieczenie.pdf\" class=\"wp-block-file__button\" download>Pobierz<\/a><\/div>\n","protected":false},"excerpt":{"rendered":"","protected":false},"author":1,"featured_media":0,"parent":0,"menu_order":0,"comment_status":"closed","ping_status":"closed","template":"","meta":{"ngg_post_thumbnail":0},"_links":{"self":[{"href":"https:\/\/zspdabrowka.pl\/spdabrowka\/wp-json\/wp\/v2\/pages\/38"}],"collection":[{"href":"https:\/\/zspdabrowka.pl\/spdabrowka\/wp-json\/wp\/v2\/pages"}],"about":[{"href":"https:\/\/zspdabrowka.pl\/spdabrowka\/wp-json\/wp\/v2\/types\/page"}],"author":[{"embeddable":true,"href":"https:\/\/zspdabrowka.pl\/spdabrowka\/wp-json\/wp\/v2\/users\/1"}],"replies":[{"embeddable":true,"href":"https:\/\/zspdabrowka.pl\/spdabrowka\/wp-json\/wp\/v2\/comments?post=38"}],"version-history":[{"count":12,"href":"https:\/\/zspdabrowka.pl\/spdabrowka\/wp-json\/wp\/v2\/pages\/38\/revisions"}],"predecessor-version":[{"id":3525,"href":"https:\/\/zspdabrowka.pl\/spdabrowka\/wp-json\/wp\/v2\/pages\/38\/revisions\/3525"}],"wp:attachment":[{"href":"https:\/\/zspdabrowka.pl\/spdabrowka\/wp-json\/wp\/v2\/media?parent=38"}],"curies":[{"name":"wp","href":"https:\/\/api.w.org\/{rel}","templated":true}]}}