{"id":3136,"date":"2021-02-22T21:51:30","date_gmt":"2021-02-22T20:51:30","guid":{"rendered":"http:\/\/zspdabrowka.pl\/spdabrowka\/?page_id=3136"},"modified":"2022-02-16T08:45:28","modified_gmt":"2022-02-16T07:45:28","slug":"polityka-prywatnosci-2","status":"publish","type":"page","link":"https:\/\/zspdabrowka.pl\/spdabrowka\/polityka-prywatnosci-2\/","title":{"rendered":"Polityka prywatno\u015bci"},"content":{"rendered":"\n<p>Polityka Prywatno\u015bci<\/p>\n\n\n\n<p>Polityka prywatno\u015bci i wykorzystywania plik\u00f3w cookies<\/p>\n\n\n\n<p>Informacje og\u00f3lne<\/p>\n\n\n\n<p>Zesp\u00f3\u0142 Szkolno \u2013 Przedszkolny w D\u0105br\u00f3wce &nbsp;z siedzib\u0105&nbsp; w D\u0105br\u00f3wka 1, 32-712 Bratucice przywi\u0105zuje szczeg\u00f3ln\u0105 wag\u0119 do poszanowania prywatno\u015bci u\u017cytkownik\u00f3w odwiedzaj\u0105cych stron\u0119 internetow\u0105 Szko\u0142y:&nbsp;<a href=\"https:\/\/zspdabrowka.pl\">https:\/\/zspdabrowka.pl<\/a>&nbsp;. Zale\u017cy nam, aby ka\u017cdy u\u017cytkownik dok\u0142adnie wiedzia\u0142 jakie dane pozyskujemy i jak mo\u017ce chroni\u0107 swoj\u0105 prywatno\u015b\u0107.<\/p>\n\n\n\n<p>Administratorem danych, gromadzonych za po\u015brednictwem strony&nbsp;<a href=\"https:\/\/zspdabrowka.pl\">https:\/\/zspdabrowka.pl<\/a>&nbsp;jest Zesp\u00f3\u0142 Szkolno \u2013 Przedszkolny w D\u0105br\u00f3wce z siedzib\u0105&nbsp; w D\u0105br\u00f3wka 1, 32-712 Bratucice, telefon kontaktowy: 14&nbsp;685-10-80.<\/p>\n\n\n\n<p>W Zespole Szkolno \u2013 Przedszkolnym w D\u0105br\u00f3wce z siedzib\u0105\u00a0 w D\u0105br\u00f3wka 1, 32-712 Bratucice\u00a0 wyznaczyli\u015bmy Inspektora Ochrony Danych, z kt\u00f3rym mo\u017cna si\u0119 kontaktowa\u0107 we wszystkich sprawach dotycz\u0105cych przetwarzania\u00a0 danych osobowych oraz korzystania z przys\u0142uguj\u0105cych u\u017cytkownikom serwisu\u00a0praw zwi\u0105zanych z przetwarzaniem danych. Inspektorem Ochrony Danych jest Pani Agnieszka Kwa\u015bnik. Mo\u017cna si\u0119 z ni\u0105 kontaktowa\u0107 poprzez:<\/p>\n\n\n\n<ul><li>email na adres:&nbsp;<a href=\"mailto:iod@valven.pl\"><u>iod@valven.pl<\/u><\/a><\/li><li>pisemnie na adres: Zesp\u00f3\u0142 Szkolno \u2013 Przedszkolny w D\u0105br\u00f3wce z siedzib\u0105&nbsp; w D\u0105br\u00f3wka 1, 32-712 Bratucice<\/li><\/ul>\n\n\n\n<p>Niniejsza Polityka jest dokumentem informacyjnym i nie zast\u0119puje dokumentacji prowadzonej przez Administratora zgodnie z obowi\u0105zuj\u0105cymi przepisami o ochronie danych osobowych.<\/p>\n\n\n\n<p>Gromadzenie danych<\/p>\n\n\n\n<p>Podczas wizyty u\u017cytkownika na stronie internetowej automatycznie zapisuj\u0105 si\u0119 tzw. logi systemowe &#8211; anonimowe informacje takie jak ilo\u015b\u0107 wizyt.<\/p>\n\n\n\n<p>Pliki cookies<\/p>\n\n\n\n<p>Pliki cookies stanowi\u0105 dane informatyczne, przede wszystkim pliki tekstowe zapisywane na urz\u0105dzeniu ko\u0144cowym (komputer, laptop, urz\u0105dzenie mobilne) osoby odwiedzaj\u0105cej serwis, je\u017celi przegl\u0105darka internetowa na to pozwala. Plik cookie zwykle zawiera nazw\u0119 domeny, z kt\u00f3rej pochodzi, sw\u00f3j \u201eczas wyga\u015bni\u0119cia\u201d oraz indywidualn\u0105, losowo wybran\u0105 liczb\u0119 identyfikuj\u0105c\u0105 ten plik.<\/p>\n\n\n\n<p>Przetwarzanie danych<\/p>\n\n\n\n<p>Podstaw\u0105 przetwarzania danych jest:<\/p>\n\n\n\n<ul><li>niezb\u0119dno\u015b\u0107 do wype\u0142nienia obowi\u0105zku prawnego ci\u0105\u017c\u0105cego na Administratorze;<\/li><li>niezb\u0119dno\u015b\u0107 do cel\u00f3w wynikaj\u0105cych z prawnie uzasadnionych interes\u00f3w realizowanych przez Administratora.<\/li><\/ul>\n\n\n\n<p>Podstaw\u0105 przetwarzania danych osobowych (imi\u0119, nazwisko, adres e-mail) jest zgoda. U\u017cytkownik ma prawo cofn\u0105\u0107 wyra\u017con\u0105 zgod\u0119 w dowolnym momencie. Wycofanie zgody nie ma wp\u0142ywu na zgodno\u015b\u0107 z prawem przetwarzania danych, kt\u00f3rego dokonano na podstawie udzielonej zgody przed jej cofni\u0119ciem. Zasady dotycz\u0105ce przetwarzania danych osobowych zosta\u0142y zawarte w Klauzuli informacyjnej dotycz\u0105cej przetwarzania danych osobowych.<\/p>\n\n\n\n<p>Wykorzystywanie danych<\/p>\n\n\n\n<p>Logi systemowe przechowywane s\u0105 przez okres 90 dni i s\u0142u\u017c\u0105 jako materia\u0142 pomocniczy s\u0142u\u017c\u0105cy do administrowania serwerami serwisu. Informacje w nich zawarte nie s\u0105 ujawniane nikomu poza osobami upowa\u017cnionymi do administrowania serwisem. Na podstawie plik\u00f3w log\u00f3w mog\u0105 by\u0107 generowane statystyki stanowi\u0105ce pomoc w administrowaniu. Zbiorcze podsumowania w postaci takich statystyk nie zawieraj\u0105 \u017cadnych cech identyfikuj\u0105cych osoby odwiedzaj\u0105ce serwis.<\/p>\n\n\n\n<p>Wykorzystanie ciasteczek &#8211; mechanizm cookies<\/p>\n\n\n\n<p>Strona internetowa&nbsp;<a href=\"https:\/\/zspdabrowka.pl\">https:\/\/zspdabrowka.pl<\/a>&nbsp;wykorzystuje ciasteczka (\u201ecookies\u201d). Identyfikuj\u0105 one przegl\u0105dark\u0119 u\u017cytkownika serwis\u00f3w oraz usprawniaj\u0105 dzia\u0142anie serwis\u00f3w. W ustawieniach przegl\u0105darki mo\u017cna wybra\u0107 opcj\u0119 odrzucania plik\u00f3w cookie, jednak niekt\u00f3re funkcje serwisu mog\u0105 wtedy nie dzia\u0142a\u0107 poprawnie. Ciasteczka nie zawieraj\u0105 \u017cadnych danych osobowych.<\/p>\n\n\n\n<p>Jakie typy plik\u00f3w cookies s\u0105 wykorzystywane na stronie internetowej&nbsp;<a href=\"https:\/\/zspdabrowka.pl\">https:\/\/zspdabrowka.pl<\/a><\/p>\n\n\n\n<p>Cookies sesyjne: po zako\u0144czeniu sesji danej przegl\u0105darki lub wy\u0142\u0105czeniu komputera zapisane informacje s\u0105 usuwane z pami\u0119ci urz\u0105dzenia.<\/p>\n\n\n\n<ul><li>Cookies trwa\u0142e: s\u0105 przechowywane w pami\u0119ci urz\u0105dzenia ko\u0144cowego U\u017cytkownika i pozostaj\u0105 tam do momentu ich skasowania lub wyga\u015bni\u0119cia.<\/li><li>Cookies podmiot\u00f3w trzecich jak:<ul><li>Google LLC, z siedzib\u0105 w Stanach z Zjednoczonych (Google Analytics, maps.google.com);<\/li><li>YouTube LLC, z siedzib\u0105 w Stanach Zjednoczonych;<\/li><\/ul><\/li><\/ul>\n\n\n\n<p>Pliki te s\u0105 anonimowe i nie pozwalaj\u0105 na identyfikacj\u0119 konkretnych os\u00f3b korzystaj\u0105cych z serwisu.<\/p>\n\n\n\n<p>W jakich celach s\u0105 wykorzystywane pliki cookies strony internetowej&nbsp;<a href=\"https:\/\/zspdabrowka.pl\">https:\/\/zspdabrowka.pl<\/a>&nbsp;?<\/p>\n\n\n\n<ul><li>Dostosowania zawarto\u015bci stron internetowych do preferencji u\u017cytkownika oraz optymalizacji korzystania ze stron internetowych. W szczeg\u00f3lno\u015bci pliki te pozwalaj\u0105 rozpozna\u0107 urz\u0105dzenie u\u017cytkownika serwisu i odpowiednio wy\u015bwietli\u0107 stron\u0119 internetow\u0105, dostosowan\u0105 do jego indywidualnych potrzeb.<\/li><li>Statystycznych i analitycznych, pozwalaj\u0105 zrozumie\u0107 jak u\u017cytkownicy serwisu korzystaj\u0105 ze stron internetowych, co umo\u017cliwia ulepszanie ich struktury i zawarto\u015bci.<\/li><\/ul>\n\n\n\n<p>Jak mo\u017cna zarz\u0105dza\u0107 plikami cookies?<\/p>\n\n\n\n<p>Ka\u017cda przegl\u0105darka internetowa umo\u017cliwia zmian\u0119 ustawie\u0144 prywatno\u015bci.<\/p>\n\n\n\n<p>Przegl\u0105darki internetowe domy\u015blnie dopuszczaj\u0105 przechowywanie plik\u00f3w cookies w urz\u0105dzeniu ko\u0144cowym u\u017cytkownika. U\u017cytkownicy mog\u0105 dokona\u0107 zmiany takich ustawie\u0144 dotycz\u0105cych plik\u00f3w cookies. Ustawienia te mog\u0105 zosta\u0107 zmienione w szczeg\u00f3lno\u015bci w taki spos\u00f3b, aby blokowa\u0107 automatyczn\u0105 obs\u0142ug\u0119 plik\u00f3w cookies w ustawieniach przegl\u0105darki internetowej b\u0105d\u017a informowa\u0107 o ich ka\u017cdorazowym zamieszczeniu w urz\u0105dzeniu u\u017cytkownika.<\/p>\n\n\n\n<p>Szczeg\u00f3\u0142owe informacje o mo\u017cliwo\u015bci i sposobach obs\u0142ugi plik\u00f3w cookies dost\u0119pne s\u0105 w ustawieniach przegl\u0105darki:<\/p>\n\n\n\n<ul><li><a href=\"https:\/\/support.google.com\/chrome\/answer\/95647?hl=pl\"><u>Google Chrome<\/u><\/a><\/li><li><a href=\"https:\/\/support.microsoft.com\/pl-pl\/help\/17442\/windows-internet-explorer-delete-manage-cookies\"><u>Internet Explorer<\/u><\/a><\/li><li><a href=\"https:\/\/support.mozilla.org\/pl\/kb\/W\u0142\u0105czanie%20i%20wy\u0142\u0105czanie%20obs\u0142ugi%20ciasteczek\"><u>Mozilla Firefox<\/u><\/a><\/li><li><a href=\"https:\/\/help.opera.com\/pl\/latest\/web-preferences\/#cookies\"><u>Opera<\/u><\/a><\/li><li><a href=\"https:\/\/support.apple.com\/pl-pl\/guide\/safari\/sfri11471\/mac\"><u>Safari<\/u><\/a><\/li><li>Inne, nie wymienione powy\u017cej przegl\u0105darki: Informacji o zarz\u0105dzaniu plikami cookies nale\u017cy szuka\u0107 w sekcji &#8222;Pomoc&#8221; w przegl\u0105darce lub skontaktowa\u0107 si\u0119 z producentem przegl\u0105darki.<\/li><li>Urz\u0105dzenia mobilne typu telefon kom\u00f3rkowy lub tablet: Informacje o zarz\u0105dzaniu plikami cookies mo\u017cna znale\u017a\u0107 w Podr\u0119czniku U\u017cytkownika danego urz\u0105dzenia.<\/li><\/ul>\n\n\n\n<p>Korzystanie ze strony&nbsp;<a href=\"https:\/\/zspdabrowka.pl\">https:\/\/zspdabrowka.pl<\/a>&nbsp;&nbsp;z wy\u0142\u0105czonymi plikami cookies<\/p>\n\n\n\n<p>Ograniczenia stosowania plik\u00f3w cookies mo\u017ce wp\u0142yn\u0105\u0107 na niekt\u00f3re funkcjonalno\u015bci dost\u0119pne na stronach internetowych serwisu. Wy\u0142\u0105czenie cookies w przegl\u0105darce nie uniemo\u017cliwia korzystania ze strony&nbsp;<a href=\"https:\/\/zspdabrowka.pl\">https:\/\/zspdabrowka.pl<\/a>, ale w niekt\u00f3rych przypadkach mo\u017ce powodowa\u0107 utrudnienia.<\/p>\n\n\n\n<p>Jak zablokowa\u0107 us\u0142ugi statystyczne Google Analytics?<\/p>\n\n\n\n<p>Pliki cookies Google Analytics mo\u017cna zablokowa\u0107 w przegl\u0105darkach&nbsp;<a href=\"https:\/\/tools.google.com\/dlpage\/gaoptout\"><u>instaluj\u0105c odpowiedni dodatek<\/u><\/a>.<\/p>\n\n\n\n<p>Odno\u015bniki do innych stron internetowych<\/p>\n\n\n\n<p>Strona&nbsp;<a href=\"https:\/\/zspdabrowka.pl\">https:\/\/zspdabrowka.pl<\/a>&nbsp;zawiera linki i odno\u015bniki do innych stron internetowych i nie ponosi odpowiedzialno\u015bci za polityk\u0119 prywatno\u015bci na tych witrynach. Zach\u0119camy &#8211; po przej\u015bciu do innego serwisu &#8211; do zapoznania si\u0119 z obowi\u0105zuj\u0105cymi tam zasadami.<\/p>\n\n\n\n<p>Zmiany polityki prywatno\u015bci<\/p>\n\n\n\n<p>Zastrzegamy sobie prawo zmiany powy\u017cszej polityki prywatno\u015bci poprzez opublikowanie nowej polityki prywatno\u015bci na tej podstronie.<\/p>\n","protected":false},"excerpt":{"rendered":"<p>Polityka Prywatno\u015bci Polityka prywatno\u015bci i wykorzystywania plik\u00f3w cookies Informacje og\u00f3lne Zesp\u00f3\u0142 Szkolno \u2013 Przedszkolny w D\u0105br\u00f3wce &nbsp;z siedzib\u0105&nbsp; w D\u0105br\u00f3wka 1, 32-712 Bratucice przywi\u0105zuje szczeg\u00f3ln\u0105 wag\u0119 do poszanowania prywatno\u015bci u\u017cytkownik\u00f3w odwiedzaj\u0105cych stron\u0119 internetow\u0105 Szko\u0142y:&nbsp;https:\/\/zspdabrowka.pl&nbsp;. Zale\u017cy nam, aby ka\u017cdy u\u017cytkownik dok\u0142adnie wiedzia\u0142 jakie dane pozyskujemy i jak mo\u017ce chroni\u0107 swoj\u0105 prywatno\u015b\u0107. [&hellip;]<\/p>\n","protected":false},"author":1,"featured_media":0,"parent":0,"menu_order":0,"comment_status":"closed","ping_status":"closed","template":"","meta":{"ngg_post_thumbnail":0},"_links":{"self":[{"href":"https:\/\/zspdabrowka.pl\/spdabrowka\/wp-json\/wp\/v2\/pages\/3136"}],"collection":[{"href":"https:\/\/zspdabrowka.pl\/spdabrowka\/wp-json\/wp\/v2\/pages"}],"about":[{"href":"https:\/\/zspdabrowka.pl\/spdabrowka\/wp-json\/wp\/v2\/types\/page"}],"author":[{"embeddable":true,"href":"https:\/\/zspdabrowka.pl\/spdabrowka\/wp-json\/wp\/v2\/users\/1"}],"replies":[{"embeddable":true,"href":"https:\/\/zspdabrowka.pl\/spdabrowka\/wp-json\/wp\/v2\/comments?post=3136"}],"version-history":[{"count":3,"href":"https:\/\/zspdabrowka.pl\/spdabrowka\/wp-json\/wp\/v2\/pages\/3136\/revisions"}],"predecessor-version":[{"id":3882,"href":"https:\/\/zspdabrowka.pl\/spdabrowka\/wp-json\/wp\/v2\/pages\/3136\/revisions\/3882"}],"wp:attachment":[{"href":"https:\/\/zspdabrowka.pl\/spdabrowka\/wp-json\/wp\/v2\/media?parent=3136"}],"curies":[{"name":"wp","href":"https:\/\/api.w.org\/{rel}","templated":true}]}}