{"id":3133,"date":"2021-02-22T21:44:04","date_gmt":"2021-02-22T20:44:04","guid":{"rendered":"http:\/\/zspdabrowka.pl\/spdabrowka\/?page_id=3133"},"modified":"2024-04-10T09:07:41","modified_gmt":"2024-04-10T07:07:41","slug":"egzamin-osmoklasisty","status":"publish","type":"page","link":"https:\/\/zspdabrowka.pl\/spdabrowka\/egzamin-osmoklasisty\/","title":{"rendered":"Egzamin \u00f3smoklasisty"},"content":{"rendered":"\n<p><strong>Egzamin \u00f3smoklasisty w roku szkolnym 2023\/2024<\/strong><\/p>\n\n\n\n<p>Szczeg\u00f3\u0142owe informacje dotycz\u0105ce egzaminu s\u0105 dost\u0119pne tutaj: <a href=\"https:\/\/cke.gov.pl\/images\/_EGZAMIN_OSMOKLASISTY\/2024\/komunikaty\/20230817%20E8%202024%20Informacja%20COMPL%20FIN.pdf\">https:\/\/cke.gov.pl\/images\/_EGZAMIN_OSMOKLASISTY\/2024\/komunikaty\/20230817%20E8%202024%20Informacja%20COMPL%20FIN.pdf<\/a><\/p>\n\n\n\n<p><strong>Najwa\u017cniejsze informacje o egzaminie:<\/strong><\/p>\n\n\n\n<p>Egzamin \u00f3smoklasisty jest egzaminem&nbsp;obowi\u0105zkowym, co oznacza, \u017ce ka\u017cdy ucze\u0144 musi do niego przyst\u0105pi\u0107, aby uko\u0144czy\u0107 szko\u0142\u0119. Nie jest okre\u015blony minimalny wynik, jaki ucze\u0144 powinien uzyska\u0107, dlatego egzaminu \u00f3smoklasisty nie mo\u017cna nie zda\u0107.<\/p>\n\n\n\n<p>Egzamin \u00f3smoklasisty jest przeprowadzany w formie pisemnej.<\/p>\n\n\n\n<p>\u00d3smoklasista przyst\u0119puje do egzaminu z trzech przedmiot\u00f3w obowi\u0105zkowych, tj.:<\/p>\n\n\n\n<ol type=\"1\"><li>j\u0119zyka polskiego<\/li><li>matematyki<\/li><li>j\u0119zyka obcego nowo\u017cytnego.<\/li><\/ol>\n\n\n\n<p>\u00d3smoklasista przyst\u0119puje do egzaminu z jednego z nast\u0119puj\u0105cych j\u0119zyk\u00f3w obcych nowo\u017cytnych: angielskiego, francuskiego, hiszpa\u0144skiego, niemieckiego, rosyjskiego lub w\u0142oskiego. Ucze\u0144 mo\u017ce wybra\u0107 tylko ten j\u0119zyk, kt\u00f3rego uczy si\u0119 w szkole w ramach obowi\u0105zkowych zaj\u0119\u0107 edukacyjnych.<\/p>\n\n\n\n<p>W 2023 r. i w 2024 r. egzamin \u00f3smoklasisty obejmuje wiadomo\u015bci i umiej\u0119tno\u015bci okre\u015blone&nbsp;w <strong>wymaganiach egzaminacyjnych<\/strong>&nbsp;dla trzech przedmiot\u00f3w egzaminacyjnych, tj. j\u0119zyka polskiego, matematyki i j\u0119zyka obcego nowo\u017cytnego: <a href=\"https:\/\/cke.gov.pl\/images\/_EGZAMIN_OSMOKLASISTY\/2023\/komunikaty\/D20221591.pdf\">https:\/\/cke.gov.pl\/images\/_EGZAMIN_OSMOKLASISTY\/2023\/komunikaty\/D20221591.pdf<\/a><\/p>\n\n\n\n<p>Egzamin \u00f3smoklasisty odbywa si\u0119 w maju. Ucze\u0144, kt\u00f3ry z przyczyn losowych lub zdrowotnych nie \u200eprzyst\u0105pi do egzaminu w tym terminie, przyst\u0119puje do niego w czerwcu.\u200e<\/p>\n\n\n\n<p>W 2024 roku egzamin \u00f3smoklasisty b\u0119dzie przeprowadzany w nast\u0119puj\u0105cych <strong>terminach<\/strong>:<\/p>\n\n\n\n<ol type=\"1\"><li>14 maja 2024 r., godz. 9.00 &nbsp;\u2013 egzamin z j\u0119zyka polskiego, kt\u00f3ry trwa 120 minut,<\/li><li>15 maja 2024 r., godz. 9.00 &nbsp;\u2013 egzamin z matematyki, kt\u00f3ry trwa 100 minut,<\/li><li>16 maja 2024 r., godz. 9.00 &nbsp;\u2013 egzamin z j\u0119zyka obcego nowo\u017cytnego, kt\u00f3ry trwa 90 minut.<\/li><\/ol>\n\n\n\n<p>W przypadku uczni\u00f3w, kt\u00f3rym przys\u0142uguje dostosowanie warunk\u00f3w przeprowadzania egzaminu \u00f3smoklasisty, czas pracy z poszczeg\u00f3lnymi arkuszami mo\u017ce zosta\u0107 przed\u0142u\u017cony:<\/p>\n\n\n\n<ul><li>60 minut \u2013 w przypadku j\u0119zyka polskiego,<\/li><li>50 minut \u2013 w przypadku matematyki oraz,<\/li><li>45 minut \u2013 w przypadku j\u0119zyka obcego nowo\u017cytnego.<\/li><\/ul>\n\n\n\n<p>Do czasu trwania egzaminu \u00f3smoklasisty z danego przedmiotu nie wlicza si\u0119 czasu przeznaczonego na sprawdzenie przez ucznia:<\/p>\n\n\n\n<p>1) w przypadku egzaminu z j\u0119zyka polskiego i matematyki przeprowadzanego od 2024 r.\u2013 poprawno\u015bci przeniesienia odpowiedzi do zada\u0144 zamkni\u0119tych na kart\u0119 odpowiedzi (5 minut)<\/p>\n\n\n\n<p>2) w przypadku egzaminu z j\u0119zyka obcego nowo\u017cytnego przeprowadzanego od 2024 r. \u2013 poprawno\u015bci przeniesienia odpowiedzi do zada\u0144 otwartych na kart\u0119 rozwi\u0105za\u0144 zada\u0144 otwartych (je\u017celi stanowi cz\u0119\u015b\u0107 arkusza egzaminacyjnego danego ucznia) oraz poprawno\u015bci przeniesienia odpowiedzi do zada\u0144 zamkni\u0119tych na kart\u0119 odpowiedzi (10 minut).<\/p>\n\n\n\n<p>Na egzamin ucze\u0144 przynosi ze sob\u0105 wy\u0142\u0105cznie przybory do pisania: pi\u00f3ro lub d\u0142ugopis \u200ez czarnym tuszem\/atramentem, a w przypadku egzaminu matematyki r\u00f3wnie\u017c linijk\u0119. \u200e<\/p>\n\n\n\n<p>Na egzaminie nie mo\u017cna korzysta\u0107 z kalkulatora oraz s\u0142ownik\u00f3w. Nie wolno tak\u017ce przynosi\u0107 \u200ei u\u017cywa\u0107 \u017cadnych urz\u0105dze\u0144 telekomunikacyjnych.\u200e<\/p>\n\n\n\n<p>Podczas egzaminu z ka\u017cdego przedmiotu ka\u017cdy zdaj\u0105cy siedzi przy osobnym stoliku. Na stoliku mog\u0105 znajdowa\u0107 si\u0119 wy\u0142\u0105cznie arkusze egzaminacyjne, materia\u0142y i przybory pomocnicze oraz \u2013 w przypadku uczni\u00f3w chorych lub niepe\u0142nosprawnych \u2013 leki i inne pomoce konieczne ze wzgl\u0119du na chorob\u0119 lub niepe\u0142nosprawno\u015b\u0107. Ucze\u0144 mo\u017ce mie\u0107 ma\u0142\u0105 butelk\u0119 wody, kt\u00f3r\u0105 stawia na pod\u0142odze obok stolika.<\/p>\n\n\n\n<p>W czasie egzaminu zdaj\u0105cy mog\u0105 opuszcza\u0107 sal\u0119 egzaminacyjn\u0105 w uzasadnionej sytuacji, po uzyskaniu zezwolenia przewodnicz\u0105cego zespo\u0142u nadzoruj\u0105cego i po zapewnieniu warunk\u00f3w wykluczaj\u0105cych mo\u017cliwo\u015b\u0107 kontaktowania si\u0119 z innymi osobami, poza osobami udzielaj\u0105cymi pomocy medycznej.<\/p>\n\n\n\n<p>W przypadku:<\/p>\n\n\n\n<p>1) stwierdzenia niesamodzielnego rozwi\u0105zywania zada\u0144 egzaminacyjnych lub<\/p>\n\n\n\n<p>2) zak\u0142\u00f3cania przebiegu egzaminu, lub<\/p>\n\n\n\n<p>3) wniesienia do sali egzaminacyjnej materia\u0142\u00f3w lub przybor\u00f3w pomocniczych niewymienionych w komunikacie dyrektora CKE,<\/p>\n\n\n\n<p>egzamin danego ucznia z danego przedmiotu egzaminacyjnego mo\u017ce zosta\u0107 uniewa\u017cniony.<\/p>\n\n\n\n<p>W arkuszu egzaminacyjnym \u200ez ka\u017cdego przedmiotu znajd\u0105 si\u0119 zar\u00f3wno zadania \u200ezamkni\u0119te (tj. takie, w kt\u00f3rych ucze\u0144 wybiera jedn\u0105 odpowied\u017a z kilku podanych), jak i zadania otwarte (tj. takie, w kt\u00f3rych ucze\u0144 samodzielnie formu\u0142uje odpowied\u017a). \u200e<\/p>\n\n\n\n<p><strong>Przyk\u0142adowe zadania<\/strong> wraz z rozwi\u0105zaniami mo\u017cna znale\u017a\u0107 w informatorach o egzaminie \u00f3smoklasisty z poszczeg\u00f3lnych przedmiot\u00f3w (dost\u0119pne s\u0105 aneksy do tych informator\u00f3w obowi\u0105zuj\u0105ce w latach szkolnych 2022\/2023 oraz 2023\/2024), w przyk\u0142adowych arkuszach egzaminacyjnych, w arkuszach z egzamin\u00f3w pr\u00f3bnych, w zestawach powt\u00f3rzeniowych zada\u0144 egzaminacyjnych oraz w arkuszach wykorzystanych do przeprowadzenia egzaminu \u00f3smoklasisty w latach 2019\u20132022:<\/p>\n\n\n\n<figure class=\"wp-block-embed is-type-wp-embed is-provider-cke wp-block-embed-cke\"><div class=\"wp-block-embed__wrapper\">\n<blockquote class=\"wp-embedded-content\" data-secret=\"2Mveia5vOV\"><a href=\"https:\/\/cke.gov.pl\/egzamin-osmoklasisty\/informatory\/\">Informatory<\/a><\/blockquote><iframe class=\"wp-embedded-content\" sandbox=\"allow-scripts\" security=\"restricted\" style=\"position: absolute; clip: rect(1px, 1px, 1px, 1px);\" title=\"&#8222;Informatory&#8221; &#8212; CKE\" src=\"https:\/\/cke.gov.pl\/egzamin-osmoklasisty\/informatory\/embed\/#?secret=IJJgqrGsEY#?secret=2Mveia5vOV\" data-secret=\"2Mveia5vOV\" width=\"500\" height=\"282\" frameborder=\"0\" marginwidth=\"0\" marginheight=\"0\" scrolling=\"no\"><\/iframe>\n<\/div><\/figure>\n\n\n\n<figure class=\"wp-block-embed is-type-wp-embed is-provider-cke wp-block-embed-cke\"><div class=\"wp-block-embed__wrapper\">\n<blockquote class=\"wp-embedded-content\" data-secret=\"qPfnBXQoBZ\"><a href=\"https:\/\/cke.gov.pl\/egzamin-osmoklasisty\/arkusze\/\">Arkusze<\/a><\/blockquote><iframe class=\"wp-embedded-content\" sandbox=\"allow-scripts\" security=\"restricted\" style=\"position: absolute; clip: rect(1px, 1px, 1px, 1px);\" title=\"&#8222;Arkusze&#8221; &#8212; CKE\" src=\"https:\/\/cke.gov.pl\/egzamin-osmoklasisty\/arkusze\/embed\/#?secret=35h6dPajwi#?secret=qPfnBXQoBZ\" data-secret=\"qPfnBXQoBZ\" width=\"500\" height=\"282\" frameborder=\"0\" marginwidth=\"0\" marginheight=\"0\" scrolling=\"no\"><\/iframe>\n<\/div><\/figure>\n\n\n\n<figure class=\"wp-block-embed is-type-wp-embed is-provider-cke wp-block-embed-cke\"><div class=\"wp-block-embed__wrapper\">\n<blockquote class=\"wp-embedded-content\" data-secret=\"LC5aysRBeO\"><a href=\"https:\/\/cke.gov.pl\/egzamin-osmoklasisty\/materialy-dodatkowe\/\">Materia\u0142y dodatkowe<\/a><\/blockquote><iframe class=\"wp-embedded-content\" sandbox=\"allow-scripts\" security=\"restricted\" style=\"position: absolute; clip: rect(1px, 1px, 1px, 1px);\" title=\"&#8222;Materia\u0142y dodatkowe&#8221; &#8212; CKE\" src=\"https:\/\/cke.gov.pl\/egzamin-osmoklasisty\/materialy-dodatkowe\/embed\/#?secret=eGaSjK1757#?secret=LC5aysRBeO\" data-secret=\"LC5aysRBeO\" width=\"500\" height=\"282\" frameborder=\"0\" marginwidth=\"0\" marginheight=\"0\" scrolling=\"no\"><\/iframe>\n<\/div><\/figure>\n\n\n\n<p><strong>3 lipca 2024 r.<\/strong> uczniowie poznaj\u0105 swoje <strong>wyniki i otrzymaj\u0105 za\u015bwiadczenia <\/strong>o szczeg\u00f3\u0142owych \u200ewynikach egzaminu \u00f3smoklasisty.<\/p>\n\n\n\n<p><strong>Wi\u0119cej informacji<\/strong> mo\u017cna znale\u017a\u0107 na stronie Centralnej Komisji Egzaminacyjnej i Okr\u0119gowej Komisji Egzaminacyjnej w Krakowie:<\/p>\n\n\n\n<figure class=\"wp-block-embed is-type-wp-embed is-provider-cke wp-block-embed-cke\"><div class=\"wp-block-embed__wrapper\">\n<blockquote class=\"wp-embedded-content\" data-secret=\"2W7yctcanG\"><a href=\"https:\/\/cke.gov.pl\/egzamin-osmoklasisty\/o-egzaminie\/\">O egzaminie<\/a><\/blockquote><iframe class=\"wp-embedded-content\" sandbox=\"allow-scripts\" security=\"restricted\" style=\"position: absolute; clip: rect(1px, 1px, 1px, 1px);\" title=\"&#8222;O egzaminie&#8221; &#8212; CKE\" src=\"https:\/\/cke.gov.pl\/egzamin-osmoklasisty\/o-egzaminie\/embed\/#?secret=PkkkpalQAO#?secret=2W7yctcanG\" data-secret=\"2W7yctcanG\" width=\"500\" height=\"282\" frameborder=\"0\" marginwidth=\"0\" marginheight=\"0\" scrolling=\"no\"><\/iframe>\n<\/div><\/figure>\n\n\n\n<figure class=\"wp-block-embed\"><div class=\"wp-block-embed__wrapper\">\nhttps:\/\/www.oke.krakow.pl\/inf\/staticpages\/index.php?page=20230817114137391\n<\/div><\/figure>\n","protected":false},"excerpt":{"rendered":"<p>Egzamin \u00f3smoklasisty w roku szkolnym 2023\/2024 Szczeg\u00f3\u0142owe informacje dotycz\u0105ce egzaminu s\u0105 dost\u0119pne tutaj: https:\/\/cke.gov.pl\/images\/_EGZAMIN_OSMOKLASISTY\/2024\/komunikaty\/20230817%20E8%202024%20Informacja%20COMPL%20FIN.pdf Najwa\u017cniejsze informacje o egzaminie: Egzamin \u00f3smoklasisty jest egzaminem&nbsp;obowi\u0105zkowym, co oznacza, \u017ce ka\u017cdy ucze\u0144 musi do niego przyst\u0105pi\u0107, aby uko\u0144czy\u0107 szko\u0142\u0119. Nie jest okre\u015blony minimalny wynik, jaki ucze\u0144 powinien uzyska\u0107, dlatego egzaminu \u00f3smoklasisty nie mo\u017cna nie zda\u0107. [&hellip;]<\/p>\n","protected":false},"author":1,"featured_media":0,"parent":0,"menu_order":0,"comment_status":"closed","ping_status":"closed","template":"","meta":{"ngg_post_thumbnail":0},"_links":{"self":[{"href":"https:\/\/zspdabrowka.pl\/spdabrowka\/wp-json\/wp\/v2\/pages\/3133"}],"collection":[{"href":"https:\/\/zspdabrowka.pl\/spdabrowka\/wp-json\/wp\/v2\/pages"}],"about":[{"href":"https:\/\/zspdabrowka.pl\/spdabrowka\/wp-json\/wp\/v2\/types\/page"}],"author":[{"embeddable":true,"href":"https:\/\/zspdabrowka.pl\/spdabrowka\/wp-json\/wp\/v2\/users\/1"}],"replies":[{"embeddable":true,"href":"https:\/\/zspdabrowka.pl\/spdabrowka\/wp-json\/wp\/v2\/comments?post=3133"}],"version-history":[{"count":8,"href":"https:\/\/zspdabrowka.pl\/spdabrowka\/wp-json\/wp\/v2\/pages\/3133\/revisions"}],"predecessor-version":[{"id":5873,"href":"https:\/\/zspdabrowka.pl\/spdabrowka\/wp-json\/wp\/v2\/pages\/3133\/revisions\/5873"}],"wp:attachment":[{"href":"https:\/\/zspdabrowka.pl\/spdabrowka\/wp-json\/wp\/v2\/media?parent=3133"}],"curies":[{"name":"wp","href":"https:\/\/api.w.org\/{rel}","templated":true}]}}