{"id":3045,"date":"2021-02-15T21:29:14","date_gmt":"2021-02-15T20:29:14","guid":{"rendered":"http:\/\/zspdabrowka.pl\/spdabrowka\/?page_id=3045"},"modified":"2026-04-09T12:15:57","modified_gmt":"2026-04-09T10:15:57","slug":"rekrutacja","status":"publish","type":"page","link":"https:\/\/zspdabrowka.pl\/spdabrowka\/rekrutacja\/","title":{"rendered":"Rekrutacja"},"content":{"rendered":"\n<figure class=\"wp-block-image size-large\"><img loading=\"lazy\" width=\"278\" height=\"188\" src=\"https:\/\/zspdabrowka.pl\/spdabrowka\/wp-content\/uploads\/2025\/02\/obraz-1.png\" alt=\"\" class=\"wp-image-6434\"\/><\/figure>\n\n\n\n<p><strong>Szanowni Rodzice !<\/strong><\/p>\n\n\n\n<p>Dyrektor Publicznej Szko\u0142y Podstawowej im. Prymasa Stefana Kardyna\u0142a Wyszy\u0144skiego w D\u0105br\u00f3wce przekazuje informacje dotycz\u0105ce\u00a0rekrutacji do klas pierwszych na rok szkolny 2026\/2027.<\/p>\n\n\n\n<p>Rekrutacja do klas I szk\u00f3\u0142 podstawowych na rok szkolny 2026\/2027 odbywa si\u0119 na zasadach, kt\u00f3re zosta\u0142y okre\u015blone w ustawie z dnia 14 grudnia 2016 r. Prawo o\u015bwiatowe (Dz. U. z 2025 r. poz., 1043 ze zm.), zarz\u0105dzeniu Nr 16\/2026 W\u00f3jta Gminy Rzezawa z dnia 27 stycznia 2026 r. w sprawie okre\u015blenia termin\u00f3w przeprowadzania post\u0119powania rekrutacyjnego i post\u0119powania uzupe\u0142niaj\u0105cego, w tym termin\u00f3w sk\u0142adania dokument\u00f3w na rok szkolny 2026\/2027 do klas pierwszych publicznych szk\u00f3\u0142 podstawowych, dla kt\u00f3rych Gmina Rzezawa jest organem prowadz\u0105cym oraz Uchwale Nr XXXIX\/255\/2018 Rady Gminy Rzezawa z dnia 29 stycznia 2018 r. w sprawie okre\u015blenia kryteri\u00f3w w post\u0119powaniu rekrutacyjnym do klas I publicznych szk\u00f3\u0142 podstawowych, kt\u00f3rym ustalono obw\u00f3d oraz dokument\u00f3w niezb\u0119dnych do potwierdzenia tych kryteri\u00f3w.<\/p>\n\n\n\n<p><a href=\"https:\/\/pspokulice.szkolnastrona.pl\/container\/pdf\/zarzadzenie-rekrutacja.pdf\">Zarz\u0105dzenie W\u00f3jta Gminy Rzezawa nr 16\/2026<\/a><\/p>\n\n\n\n<p><br>Informacje na temat odroczenia obowi\u0105zku i wcze\u015bniejszego przyj\u0119cia do Szko\u0142y mo\u017cna uzyska\u0107\u00a0w sekretariacie Szko\u0142y.\u00a0Dyrektor, przyjmuj\u0105c uczni\u00f3w do Szko\u0142y, kieruje si\u0119 nast\u0119puj\u0105cymi zasadami:<\/p>\n\n\n\n<p>1. <strong>Dzieci mieszkaj\u0105ce w obwodzie Szko\u0142y<\/strong>, kt\u00f3re podlegaj\u0105 obowi\u0105zkowi szkolnemu <strong>s\u0105 przyjmowane z urz\u0119du<\/strong> po wype\u0142nieniu:\u00a0<strong>\u201eZg\u0142oszenia dziecka zamieszka\u0142ego\u00a0w obwodzie\u201d<\/strong>\u00a0przez rodzica\/prawnego opiekuna. Druk nale\u017cy pobra\u0107 w sekretariacie Szko\u0142y lub ze strony internetowej Szko\u0142y i dostarczy\u0107 w terminie\u00a0od <strong>16 lutego do 28 lutego 2026 r.<\/strong>\u00a0Dostarczenie wype\u0142nionego, podpisanego druku do sekretariatu Szko\u0142y jest r\u00f3wnoznaczne \u00a0z potwierdzeniem woli zapisania dziecka do Szko\u0142y.<\/p>\n\n\n\n<p>2. Dzieci zamieszka\u0142e poza obwodem Szko\u0142y mog\u0105 by\u0107 przyj\u0119te do klasy pierwszej po przeprowadzeniu post\u0119powania rekrutacyjnego, je\u017celi Szko\u0142a dysponuje wolnymi miejscami.&nbsp;<br>W takim przypadku dyrektor przeprowadza post\u0119powanie rekrutacyjne w stosunku do kandydat\u00f3w spoza obwodu.&nbsp;<br><br><\/p>\n\n\n\n<p class=\"has-text-align-right\">&nbsp;&nbsp;&nbsp;&nbsp;&nbsp;&nbsp;&nbsp;&nbsp;&nbsp;&nbsp;&nbsp;&nbsp;&nbsp;&nbsp;&nbsp;&nbsp;&nbsp;&nbsp;&nbsp;&nbsp;&nbsp;&nbsp;&nbsp;&nbsp;&nbsp;&nbsp;&nbsp;&nbsp;&nbsp;&nbsp;&nbsp;&nbsp;&nbsp;&nbsp;&nbsp;&nbsp;&nbsp;&nbsp;&nbsp;&nbsp;&nbsp;&nbsp;&nbsp;&nbsp;&nbsp;&nbsp;&nbsp;&nbsp;&nbsp;&nbsp;&nbsp;&nbsp;&nbsp;&nbsp;&nbsp;&nbsp;&nbsp;&nbsp;&nbsp;&nbsp;&nbsp;&nbsp;&nbsp;&nbsp;&nbsp;&nbsp;&nbsp;&nbsp;&nbsp;&nbsp;&nbsp;&nbsp;&nbsp;&nbsp;&nbsp;&nbsp;&nbsp;&nbsp;&nbsp;&nbsp;&nbsp;&nbsp;&nbsp;&nbsp;&nbsp;&nbsp;&nbsp;&nbsp;&nbsp;&nbsp;&nbsp;&nbsp;&nbsp;&nbsp;&nbsp;&nbsp;&nbsp;&nbsp;&nbsp;&nbsp;&nbsp;&nbsp;&nbsp;&nbsp; &nbsp;&nbsp;&nbsp;&nbsp;&nbsp;&nbsp;&nbsp;&nbsp;&nbsp;&nbsp;&nbsp;&nbsp;&nbsp;&nbsp;&nbsp;<\/p>\n\n\n\n<p class=\"has-text-align-right\">Z powa\u017caniem<\/p>\n\n\n\n<p class=\"has-text-align-right\">Dyrektor PSP w D\u0105br\u00f3wce<\/p>\n\n\n\n<p><\/p>\n\n\n\n<div class=\"wp-block-file\"><a href=\"https:\/\/zspdabrowka.pl\/spdabrowka\/wp-content\/uploads\/2026\/02\/zgloszenie-dziecka-z-obwodu-szkoly-26.doc\">zgloszenie-dziecka-z-obwodu-szkoly-26<\/a><a href=\"https:\/\/zspdabrowka.pl\/spdabrowka\/wp-content\/uploads\/2026\/02\/zgloszenie-dziecka-z-obwodu-szkoly-26.doc\" class=\"wp-block-file__button\" download>Pobierz<\/a><\/div>\n\n\n\n<div class=\"wp-block-file\"><a href=\"https:\/\/zspdabrowka.pl\/spdabrowka\/wp-content\/uploads\/2026\/02\/wniosek-o-przyjecie-dziecka-spoza-obwodu-PSP.doc\">wniosek-o-przyjecie-dziecka-spoza-obwodu-PSP<\/a><a href=\"https:\/\/zspdabrowka.pl\/spdabrowka\/wp-content\/uploads\/2026\/02\/wniosek-o-przyjecie-dziecka-spoza-obwodu-PSP.doc\" class=\"wp-block-file__button\" download>Pobierz<\/a><\/div>\n\n\n\n<p><\/p>\n\n\n\n<div class=\"wp-block-file\"><a href=\"https:\/\/zspdabrowka.pl\/spdabrowka\/wp-content\/uploads\/2026\/02\/potwierdzenie-woli.docx\">potwierdzenie-woli<\/a><a href=\"https:\/\/zspdabrowka.pl\/spdabrowka\/wp-content\/uploads\/2026\/02\/potwierdzenie-woli.docx\" class=\"wp-block-file__button\" download>Pobierz<\/a><\/div>\n\n\n","protected":false},"excerpt":{"rendered":"<p>Szanowni Rodzice ! Dyrektor Publicznej Szko\u0142y Podstawowej im. Prymasa Stefana Kardyna\u0142a Wyszy\u0144skiego w D\u0105br\u00f3wce przekazuje informacje dotycz\u0105ce\u00a0rekrutacji do klas pierwszych na rok szkolny 2026\/2027. Rekrutacja do klas I szk\u00f3\u0142 podstawowych na rok szkolny 2026\/2027 odbywa si\u0119 na zasadach, kt\u00f3re zosta\u0142y okre\u015blone w ustawie z dnia 14 grudnia 2016 r. Prawo [&hellip;]<\/p>\n","protected":false},"author":1,"featured_media":0,"parent":0,"menu_order":0,"comment_status":"closed","ping_status":"closed","template":"","meta":{"ngg_post_thumbnail":0},"_links":{"self":[{"href":"https:\/\/zspdabrowka.pl\/spdabrowka\/wp-json\/wp\/v2\/pages\/3045"}],"collection":[{"href":"https:\/\/zspdabrowka.pl\/spdabrowka\/wp-json\/wp\/v2\/pages"}],"about":[{"href":"https:\/\/zspdabrowka.pl\/spdabrowka\/wp-json\/wp\/v2\/types\/page"}],"author":[{"embeddable":true,"href":"https:\/\/zspdabrowka.pl\/spdabrowka\/wp-json\/wp\/v2\/users\/1"}],"replies":[{"embeddable":true,"href":"https:\/\/zspdabrowka.pl\/spdabrowka\/wp-json\/wp\/v2\/comments?post=3045"}],"version-history":[{"count":115,"href":"https:\/\/zspdabrowka.pl\/spdabrowka\/wp-json\/wp\/v2\/pages\/3045\/revisions"}],"predecessor-version":[{"id":7408,"href":"https:\/\/zspdabrowka.pl\/spdabrowka\/wp-json\/wp\/v2\/pages\/3045\/revisions\/7408"}],"wp:attachment":[{"href":"https:\/\/zspdabrowka.pl\/spdabrowka\/wp-json\/wp\/v2\/media?parent=3045"}],"curies":[{"name":"wp","href":"https:\/\/api.w.org\/{rel}","templated":true}]}}