{"id":28,"date":"2018-10-24T22:47:55","date_gmt":"2018-10-24T20:47:55","guid":{"rendered":"https:\/\/zspdabrowka.pl\/spdabrowka\/?page_id=28"},"modified":"2019-02-05T15:35:56","modified_gmt":"2019-02-05T14:35:56","slug":"dyrekcja","status":"publish","type":"page","link":"https:\/\/zspdabrowka.pl\/spdabrowka\/dyrekcja\/","title":{"rendered":"Dyrekcja"},"content":{"rendered":"<p style=\"text-align: center;\"><span style=\"color: #000080;\"><strong>Dyrektor Zespo\u0142u Szkolno-Przedszkolnego<\/strong><strong>\u00a0<\/strong><\/span><\/p>\n<p style=\"text-align: center;\"><span style=\"color: #000080;\"><strong>w D\u0105br\u00f3wce<\/strong><\/span><\/p>\n<p><img loading=\"lazy\" class=\"size-medium wp-image-129 aligncenter\" src=\"http:\/\/zspdabrowka.pl\/spdabrowka\/wp-content\/uploads\/2018\/11\/Janik-Bogus\u0142awa-200x300.jpg\" alt=\"\" width=\"200\" height=\"300\" srcset=\"https:\/\/zspdabrowka.pl\/spdabrowka\/wp-content\/uploads\/2018\/11\/Janik-Bogus\u0142awa-200x300.jpg 200w, https:\/\/zspdabrowka.pl\/spdabrowka\/wp-content\/uploads\/2018\/11\/Janik-Bogus\u0142awa-768x1152.jpg 768w, https:\/\/zspdabrowka.pl\/spdabrowka\/wp-content\/uploads\/2018\/11\/Janik-Bogus\u0142awa-683x1024.jpg 683w, https:\/\/zspdabrowka.pl\/spdabrowka\/wp-content\/uploads\/2018\/11\/Janik-Bogus\u0142awa-180x270.jpg 180w, https:\/\/zspdabrowka.pl\/spdabrowka\/wp-content\/uploads\/2018\/11\/Janik-Bogus\u0142awa.jpg 1728w\" sizes=\"(max-width: 200px) 100vw, 200px\" \/><\/p>\n<p>&nbsp;<\/p>\n<p style=\"text-align: center;\"><span style=\"color: #000080;\"><strong>mgr Bogus\u0142awa Janik<\/strong><\/span><\/p>\n<p style=\"text-align: center;\"><span style=\"color: #000080;\"><em>\u201eNie to jest wa\u017cne, by krytykowa\u0107 przesz\u0142o\u015b\u0107, lecz aby sw\u00f3j w\u0142asny wysi\u0142ek w\u0142o\u017cy\u0107 w lepsz\u0105 przysz\u0142o\u015b\u0107.\u201d<\/em><\/span><\/p>\n<p style=\"text-align: center;\"><span style=\"color: #000080;\"><em>\/Prymas kard. Stefan Wyszy\u0144ski\/<\/em><\/span><\/p>\n<p>&nbsp;<\/p>\n<p>&nbsp;<\/p>\n<p style=\"text-align: center;\"><span style=\"color: #008000;\"><strong>Wice-Dyrektor Zespo\u0142u Szkolno-Przedszkolnego<\/strong><strong>\u00a0<\/strong><\/span><\/p>\n<p style=\"text-align: center;\"><span style=\"color: #008000;\"><strong>w D\u0105br\u00f3wce<\/strong><\/span><\/p>\n<p style=\"text-align: center;\"><span style=\"color: #008000;\"><strong>mgr Maria Kosi\u0144ska<\/strong><\/span><\/p>\n","protected":false},"excerpt":{"rendered":"<p>Dyrektor Zespo\u0142u Szkolno-Przedszkolnego\u00a0 w D\u0105br\u00f3wce &nbsp; mgr Bogus\u0142awa Janik \u201eNie to jest wa\u017cne, by krytykowa\u0107 przesz\u0142o\u015b\u0107, lecz aby sw\u00f3j w\u0142asny wysi\u0142ek w\u0142o\u017cy\u0107 w lepsz\u0105 przysz\u0142o\u015b\u0107.\u201d \/Prymas kard. Stefan Wyszy\u0144ski\/ &nbsp; &nbsp; Wice-Dyrektor Zespo\u0142u Szkolno-Przedszkolnego\u00a0 w D\u0105br\u00f3wce mgr Maria Kosi\u0144ska<\/p>\n","protected":false},"author":1,"featured_media":0,"parent":0,"menu_order":0,"comment_status":"closed","ping_status":"closed","template":"","meta":{"ngg_post_thumbnail":0},"_links":{"self":[{"href":"https:\/\/zspdabrowka.pl\/spdabrowka\/wp-json\/wp\/v2\/pages\/28"}],"collection":[{"href":"https:\/\/zspdabrowka.pl\/spdabrowka\/wp-json\/wp\/v2\/pages"}],"about":[{"href":"https:\/\/zspdabrowka.pl\/spdabrowka\/wp-json\/wp\/v2\/types\/page"}],"author":[{"embeddable":true,"href":"https:\/\/zspdabrowka.pl\/spdabrowka\/wp-json\/wp\/v2\/users\/1"}],"replies":[{"embeddable":true,"href":"https:\/\/zspdabrowka.pl\/spdabrowka\/wp-json\/wp\/v2\/comments?post=28"}],"version-history":[{"count":5,"href":"https:\/\/zspdabrowka.pl\/spdabrowka\/wp-json\/wp\/v2\/pages\/28\/revisions"}],"predecessor-version":[{"id":492,"href":"https:\/\/zspdabrowka.pl\/spdabrowka\/wp-json\/wp\/v2\/pages\/28\/revisions\/492"}],"wp:attachment":[{"href":"https:\/\/zspdabrowka.pl\/spdabrowka\/wp-json\/wp\/v2\/media?parent=28"}],"curies":[{"name":"wp","href":"https:\/\/api.w.org\/{rel}","templated":true}]}}