{"id":27,"date":"2018-10-24T22:47:55","date_gmt":"2018-10-24T20:47:55","guid":{"rendered":"https:\/\/zspdabrowka.pl\/spdabrowka\/?page_id=27"},"modified":"2024-12-12T08:21:53","modified_gmt":"2024-12-12T07:21:53","slug":"klasy","status":"publish","type":"page","link":"https:\/\/zspdabrowka.pl\/spdabrowka\/klasy\/","title":{"rendered":"Klasy"},"content":{"rendered":"<p><strong>Wychowawcy:<\/strong><\/p>\n<p><strong>Klasa I &#8211; <\/strong> mgr Adamczyk Katarzyna<\/p>\n<p><strong>Klasa II &#8211; <\/strong>mgr Nowak Sabina, Rogowska Anna<\/p>\n<p><strong>Klasa III &#8211;<\/strong> mgr Michajlak Urszula<\/p>\n<p><strong>Klasa IV &#8211; <\/strong>mgr Lis Barbara<strong><br \/>\n<\/strong><\/p>\n<p><strong>Klasa V &#8211;<\/strong> mgr Ochel-Bia\u0142ek Kinga<\/p>\n<p><strong>Klasa VI &#8211;<\/strong> mgr Pieprzyk-\u0141opata Beata<\/p>\n<p><strong>Klasa VII &#8211;<\/strong> mgr Kmiecik Anna<\/p>\n<p><strong>Klasa VIII &#8211;<\/strong> mgr Kosi\u0144ska Maria<\/p>\n<p>&nbsp;<\/p>\n<p>&nbsp;<\/p>\n","protected":false},"excerpt":{"rendered":"<p>Wychowawcy: Klasa I &#8211; mgr Adamczyk Katarzyna Klasa II &#8211; mgr Nowak Sabina, Rogowska Anna Klasa III &#8211; mgr Michajlak Urszula Klasa IV &#8211; mgr Lis Barbara Klasa V &#8211; mgr Ochel-Bia\u0142ek Kinga Klasa VI &#8211; mgr Pieprzyk-\u0141opata Beata Klasa VII &#8211; mgr Kmiecik Anna Klasa VIII &#8211; mgr Kosi\u0144ska [&hellip;]<\/p>\n","protected":false},"author":1,"featured_media":0,"parent":0,"menu_order":0,"comment_status":"closed","ping_status":"closed","template":"","meta":{"ngg_post_thumbnail":0},"_links":{"self":[{"href":"https:\/\/zspdabrowka.pl\/spdabrowka\/wp-json\/wp\/v2\/pages\/27"}],"collection":[{"href":"https:\/\/zspdabrowka.pl\/spdabrowka\/wp-json\/wp\/v2\/pages"}],"about":[{"href":"https:\/\/zspdabrowka.pl\/spdabrowka\/wp-json\/wp\/v2\/types\/page"}],"author":[{"embeddable":true,"href":"https:\/\/zspdabrowka.pl\/spdabrowka\/wp-json\/wp\/v2\/users\/1"}],"replies":[{"embeddable":true,"href":"https:\/\/zspdabrowka.pl\/spdabrowka\/wp-json\/wp\/v2\/comments?post=27"}],"version-history":[{"count":12,"href":"https:\/\/zspdabrowka.pl\/spdabrowka\/wp-json\/wp\/v2\/pages\/27\/revisions"}],"predecessor-version":[{"id":6285,"href":"https:\/\/zspdabrowka.pl\/spdabrowka\/wp-json\/wp\/v2\/pages\/27\/revisions\/6285"}],"wp:attachment":[{"href":"https:\/\/zspdabrowka.pl\/spdabrowka\/wp-json\/wp\/v2\/media?parent=27"}],"curies":[{"name":"wp","href":"https:\/\/api.w.org\/{rel}","templated":true}]}}