{"id":2665,"date":"2020-09-09T17:35:37","date_gmt":"2020-09-09T15:35:37","guid":{"rendered":"https:\/\/zspdabrowka.pl\/spdabrowka\/?page_id=2665"},"modified":"2026-02-18T11:40:54","modified_gmt":"2026-02-18T10:40:54","slug":"szkolny-zestaw-programow-i-podrecznikow","status":"publish","type":"page","link":"https:\/\/zspdabrowka.pl\/spdabrowka\/szkolny-zestaw-programow-i-podrecznikow\/","title":{"rendered":"Szkolny zestaw program\u00f3w i podr\u0119cznik\u00f3w, kalendarz roku szkolnego"},"content":{"rendered":"\n<p><\/p>\n\n\n\n<div class=\"wp-block-file\"><a href=\"https:\/\/zspdabrowka.pl\/spdabrowka\/wp-content\/uploads\/2026\/02\/Podreczniki-i-materialy-cwiczeniowe-2025.2026.docx\">Podreczniki-i-materialy-cwiczeniowe-2025.2026<\/a><a href=\"https:\/\/zspdabrowka.pl\/spdabrowka\/wp-content\/uploads\/2026\/02\/Podreczniki-i-materialy-cwiczeniowe-2025.2026.docx\" class=\"wp-block-file__button\" download>Pobierz<\/a><\/div>\n\n\n\n<div class=\"wp-block-file\"><a href=\"https:\/\/zspdabrowka.pl\/spdabrowka\/wp-content\/uploads\/2026\/02\/Programy-nauczania-2025.2026.docx\">Programy-nauczania-2025.2026<\/a><a href=\"https:\/\/zspdabrowka.pl\/spdabrowka\/wp-content\/uploads\/2026\/02\/Programy-nauczania-2025.2026.docx\" class=\"wp-block-file__button\" download>Pobierz<\/a><\/div>\n\n\n\n<p> <\/p>\n","protected":false},"excerpt":{"rendered":"","protected":false},"author":1,"featured_media":0,"parent":0,"menu_order":0,"comment_status":"closed","ping_status":"closed","template":"","meta":{"ngg_post_thumbnail":0},"_links":{"self":[{"href":"https:\/\/zspdabrowka.pl\/spdabrowka\/wp-json\/wp\/v2\/pages\/2665"}],"collection":[{"href":"https:\/\/zspdabrowka.pl\/spdabrowka\/wp-json\/wp\/v2\/pages"}],"about":[{"href":"https:\/\/zspdabrowka.pl\/spdabrowka\/wp-json\/wp\/v2\/types\/page"}],"author":[{"embeddable":true,"href":"https:\/\/zspdabrowka.pl\/spdabrowka\/wp-json\/wp\/v2\/users\/1"}],"replies":[{"embeddable":true,"href":"https:\/\/zspdabrowka.pl\/spdabrowka\/wp-json\/wp\/v2\/comments?post=2665"}],"version-history":[{"count":14,"href":"https:\/\/zspdabrowka.pl\/spdabrowka\/wp-json\/wp\/v2\/pages\/2665\/revisions"}],"predecessor-version":[{"id":7334,"href":"https:\/\/zspdabrowka.pl\/spdabrowka\/wp-json\/wp\/v2\/pages\/2665\/revisions\/7334"}],"wp:attachment":[{"href":"https:\/\/zspdabrowka.pl\/spdabrowka\/wp-json\/wp\/v2\/media?parent=2665"}],"curies":[{"name":"wp","href":"https:\/\/api.w.org\/{rel}","templated":true}]}}