{"id":26,"date":"2018-10-24T22:47:55","date_gmt":"2018-10-24T20:47:55","guid":{"rendered":"https:\/\/zspdabrowka.pl\/spdabrowka\/?page_id=26"},"modified":"2024-12-16T11:35:48","modified_gmt":"2024-12-16T10:35:48","slug":"nauczyciele","status":"publish","type":"page","link":"https:\/\/zspdabrowka.pl\/spdabrowka\/nauczyciele\/","title":{"rendered":"Nauczyciele"},"content":{"rendered":"<p><strong>*Adamczyk Katarzyna: <\/strong>edukacja wczesnoszkolna<\/p>\n<p><strong>* Filipak Jolanta:&nbsp;<\/strong>j\u0119zyk angielski, \u015bwietlica<\/p>\n<p><strong>* Handzel Anna:<\/strong> matematyka, fizyka, doradztwo zawodowe<\/p>\n<p><strong>* Janik Bogus\u0142awa:<\/strong> geografia, dyrektor<\/p>\n<p><strong>* Janik Zbigniew: <\/strong>historia<\/p>\n<p><strong>* J\u0119drczak Beata:<\/strong> j\u0119zyk polski, wd\u017c, zaj\u0119cia dydaktyczno-wyr\u00f3wnawcze, zaj\u0119cia korekcyjno-kompensacyjne, bibliotekarz<\/p>\n<p><strong>*<\/strong><strong> Kmiecik Agata:<\/strong> j\u0119zyk polski, zaj\u0119cia dydaktyczno-wyr\u00f3wnawcze, zaj\u0119cia korekcyjno-kompensacyjne<\/p>\n<p><strong>*Kmiecik Anna:&nbsp;<\/strong>matematyka&nbsp;<\/p>\n<p><strong>*<\/strong><strong> Kosi\u0144ska Maria:<\/strong>&nbsp; historia, wicedyrektor<\/p>\n<p><strong>*Ku\u0142ak Aneta:&nbsp;<\/strong>psycholog<\/p>\n<p><strong>* <\/strong><strong>Lis Barbara:<\/strong> j\u0119zyk angielski<\/p>\n<p><strong>*Lis- B\u0142\u0105ka\u0142a Kamila:&nbsp;<\/strong>j\u0119zyk niemiecki&nbsp;<\/p>\n<p><strong>*<\/strong><strong> Michajlak Urszula:<\/strong> edukacja wczesnoszkolna<\/p>\n<p><strong>*Nowak Sabina:&nbsp;<\/strong>edukacja wczesnoszkolna<\/p>\n<p><strong>* Ochel-Bia\u0142ek Kinga:<\/strong> chemia, biologia, edukacja dla bezpiecze\u0144stwa<\/p>\n<p><strong>*Pieprzyk-&nbsp; \u0141opata Beata: <\/strong>nauczyciel wsp\u00f3\u0142organizuj\u0105cy proces kszta\u0142cenia, pedagog specjalny&nbsp;<\/p>\n<p><strong>*<\/strong><strong> P\u00f3\u0142torak Rafa\u0142:<\/strong> wychowanie fizyczne<\/p>\n<p><strong>*<\/strong><strong> Trzaska Jadwiga:<\/strong> plastyka, przyroda, \u015bwietlica<\/p>\n<p><strong>*<\/strong><strong> Wn\u0119k Wojciech:<\/strong> muzyka, informatyka, technika<\/p>\n<p><strong>*ks. Wojcieszak Mateusz:&nbsp;<\/strong>religia<\/p>\n<p><strong>*Barwacz Katarzyna:<\/strong> nauczyciel wsp\u00f3\u0142organizuj\u0105cy proces kszta\u0142cenia, wychowanie fizyczne<\/p>\n<p><strong>*Kl\u0119sk Krystyna:<\/strong> fizyka<\/p>\n<p><strong>*Sadowska Karolina:<\/strong> nauczyciel wsp\u00f3\u0142organizuj\u0105cy proces kszta\u0142cenia, \u015bwietlica<\/p>\n<p><strong>*Staszczyk Ma\u0142gorzata:<\/strong> matematyka<\/p>\n<p><strong>*Rogowska Anna:<\/strong> edukacja wczesnoszkolna<\/p>\n<p><strong>*Baniak Wiktoria:<\/strong> logopeda<\/p>\n","protected":false},"excerpt":{"rendered":"<p>*Adamczyk Katarzyna: edukacja wczesnoszkolna * Filipak Jolanta:&nbsp;j\u0119zyk angielski, \u015bwietlica * Handzel Anna: matematyka, fizyka, doradztwo zawodowe * Janik Bogus\u0142awa: geografia, dyrektor * Janik Zbigniew: historia * J\u0119drczak Beata: j\u0119zyk polski, wd\u017c, zaj\u0119cia dydaktyczno-wyr\u00f3wnawcze, zaj\u0119cia korekcyjno-kompensacyjne, bibliotekarz * Kmiecik Agata: j\u0119zyk polski, zaj\u0119cia dydaktyczno-wyr\u00f3wnawcze, zaj\u0119cia korekcyjno-kompensacyjne *Kmiecik Anna:&nbsp;matematyka&nbsp; * Kosi\u0144ska Maria:&nbsp; [&hellip;]<\/p>\n","protected":false},"author":1,"featured_media":0,"parent":0,"menu_order":0,"comment_status":"closed","ping_status":"closed","template":"","meta":{"ngg_post_thumbnail":0},"_links":{"self":[{"href":"https:\/\/zspdabrowka.pl\/spdabrowka\/wp-json\/wp\/v2\/pages\/26"}],"collection":[{"href":"https:\/\/zspdabrowka.pl\/spdabrowka\/wp-json\/wp\/v2\/pages"}],"about":[{"href":"https:\/\/zspdabrowka.pl\/spdabrowka\/wp-json\/wp\/v2\/types\/page"}],"author":[{"embeddable":true,"href":"https:\/\/zspdabrowka.pl\/spdabrowka\/wp-json\/wp\/v2\/users\/1"}],"replies":[{"embeddable":true,"href":"https:\/\/zspdabrowka.pl\/spdabrowka\/wp-json\/wp\/v2\/comments?post=26"}],"version-history":[{"count":12,"href":"https:\/\/zspdabrowka.pl\/spdabrowka\/wp-json\/wp\/v2\/pages\/26\/revisions"}],"predecessor-version":[{"id":6334,"href":"https:\/\/zspdabrowka.pl\/spdabrowka\/wp-json\/wp\/v2\/pages\/26\/revisions\/6334"}],"wp:attachment":[{"href":"https:\/\/zspdabrowka.pl\/spdabrowka\/wp-json\/wp\/v2\/media?parent=26"}],"curies":[{"name":"wp","href":"https:\/\/api.w.org\/{rel}","templated":true}]}}