{"id":24,"date":"2018-10-24T22:47:54","date_gmt":"2018-10-24T20:47:54","guid":{"rendered":"https:\/\/zspdabrowka.pl\/spdabrowka\/?page_id=24"},"modified":"2018-12-13T21:50:43","modified_gmt":"2018-12-13T20:50:43","slug":"historia","status":"publish","type":"page","link":"https:\/\/zspdabrowka.pl\/spdabrowka\/historia\/","title":{"rendered":"Historia"},"content":{"rendered":"<p style=\"text-align: justify;\"><strong>Najstarszy zapis<\/strong> w kronice szko\u0142y z 21 wrze\u015bnia 1937 roku m\u00f3wi, \u017ce szko\u0142a powsta\u0142a w roku 1890 rozporz\u0105dzeniem Rady Szkolnej Krajowej we Lwowie. Pierwsi uczniowie pojawili si\u0119 dwa lata p\u00f3\u017aniej z powodu protest\u00f3w mieszka\u0144c\u00f3w obu wsi \u2013 Buczkowa i D\u0105br\u00f3wki \u2013 kt\u00f3rzy szko\u0142y w og\u00f3le nie chcieli. Pierwszym nauczycielem by\u0142 pan Franciszek Szczepa\u0144ski.<\/p>\n<p style=\"text-align: justify;\">W roku 1937 w nowo utworzonej szkole w D\u0105br\u00f3wce pomocy naukowych nie by\u0142o \u017cadnych, bo kierownictwo starej szko\u0142y w Buczkowie powiedzia\u0142o: \u201eGromada stara\u0142a si\u0119 o roz\u0142\u0105czenie, niech si\u0119 stara teraz o pomoce !!!\u201d Tak wi\u0119c w ci\u0105gu roku szkolnego zosta\u0142o sprzedane jedno drzewo z ogrodu, a za uzyskane pieni\u0105dze kupiono map\u0119 Polski i liczyd\u0142o. W roku 1938 do biblioteki szkolnej zakupiono jedn\u0105 ksi\u0105\u017ck\u0119, jej tytu\u0142u kronika nie podaje.\u2028Wybuch wojny nie pozwoli\u0142 na rozpocz\u0119cie nauki 1 wrze\u015bnia. Rok szkolny 1939\/40 rozpocz\u0105\u0142 si\u0119 dopiero 21 pa\u017adziernika po uzyskaniu zgody okupacyjnych w\u0142adz niemieckich. Od Bo\u017cego Narodzenia do kwietnia przerwano zaj\u0119cia, poniewa\u017c w\u00f3jt, pod nieobecno\u015b\u0107 nauczycielki, zabra\u0142 opa\u0142 na potrzeby 'jakiego\u015b&#8217; dworu.<\/p>\n<p style=\"text-align: justify;\">W czasie okupacji nauka odbywa\u0142a si\u0119 w ci\u0119\u017ckich warunkach, brakowa\u0142o opa\u0142u. Niemcy odebrali ksi\u0105\u017cki, mapy, obrazy, zabronili uczy\u0107 historii, geografii, \u015bpiewania polskich pie\u015bni patriotycznych i \u017co\u0142nierskich. W 1940 r. rozpocz\u0119\u0142y si\u0119 przymusowa rekrutacja i wysy\u0142ka na roboty do Niemiec, a w styczniu 1941r. przywieziono pierwsze transporty wysiedlonych z okolic Konina. Nast\u0119pnego roku nauk\u0119 w szkole przerwa\u0142a gro\u017ana epidemia czerwonki, na kt\u00f3r\u0105 zmar\u0142o kilkoro dzieci. Pod dat\u0105 4 lipca 1944r. kierowniczka szko\u0142y Pani Maria Gaw\u0142owicz napisa\u0142a \u201eM\u0142odzie\u017c ucz\u0119szcza do szko\u0142y nieregularnie z braku odzie\u017cy i obuwia. Ucisk okupanta wzmaga si\u0119: przymusowa wysy\u0142ka ludno\u015bci do Niemiec, dewastacja las\u00f3w, przymusowe zatrudnianie ludno\u015bci przy wyr\u0119bie las\u00f3w i wywo\u017cenie tego\u017c do tartaku do Bochni, tak zim\u0105 jak latem i w okresie prac polnych, pobieranie kontyngentu byd\u0142a, \u015bwi\u0144, zbo\u017ca, przymusowe odstawianie mleka do mleczarni, brak najkonieczniejszych artyku\u0142\u00f3w: cukru, dro\u017cd\u017cy, myd\u0142a, materia\u0142\u00f3w odzie\u017cowych, sk\u00f3ry, \u017celaza\u201d. Mimo ofensywy wojsk radzieckich, zbli\u017caj\u0105cego si\u0119 frontu, zmuszenia ludno\u015bci cywilnej do budowania okop\u00f3w i bunkr\u00f3w nad Rab\u0105, nauka by\u0142a kontynuowana z przerw\u0105 na zaj\u0119cie przez wojsko niemieckie szko\u0142y na warsztat naprawy aut. Przez 4 dni, tj. od 14 do 18 stycznia 1945r. trwa\u0142 przemarsz wycofuj\u0105cych si\u0119 wojsk niemieckich go\u015bci\u0144cem w kierunku Bochni. Samoloty rosyjskie bombardowa\u0142y niemieckie okopy nad Rab\u0105, Niemcy zaminowali mosty i ostrzeliwali wie\u015b, s\u0105dz\u0105c, \u017ce s\u0105 tu ju\u017c wojska radzieckie. Ju\u017c od 15 lutego zorganizowano kurs dokszta\u0142caj\u0105cy dla m\u0142odzie\u017cy pozaszkolnej, aby mog\u0142a uzupe\u0142ni\u0107 swoje wiadomo\u015bci. Notatka w roku szkolnym 1945\/46 jest bardzo kr\u00f3tka. Pobielono sale, przebudowano piec, do nauki brak podr\u0119cznik\u00f3w. Notatki o kolejnych latach s\u0105 kr\u00f3tkie, informuj\u0105 o datach rozpocz\u0119cia i zako\u0144czenia nauki i podaj\u0105 nazwiska nauczycieli ucz\u0105cych.<\/p>\n<p style=\"text-align: justify;\">W lutym 1949 r obywatele D\u0105br\u00f3wki postanowili rozbudowa\u0107 szko\u0142\u0119 o dwie sale lekcyjne i \u201ena ten cel sprzeda\u0107 pastwisko gromadzkie 6-cio morgowe, z kt\u00f3rego gromada nie mia\u0142a \u017cadnej korzy\u015bci za wyj\u0105tkiem kilku obywateli (5) pas\u0105cych na nim byd\u0142o. Ci maj\u0105c na oku sw\u00f3j w\u0142asny tylko egoistyczny interes wyst\u0105pili ostro przeciw sprzeda\u017cy i rozbudowie szko\u0142y\u201d. B\u0142onia w ko\u0144cu sprzedano i przyst\u0105piono do rozbudowy szko\u0142y. Uczniowie wzi\u0119li udzia\u0142 w dw\u00f3ch uroczysto\u015bciach, 1 maj\u0105 m\u0142odzie\u017c szkolna pojecha\u0142a do Bochni na poch\u00f3d furmankami, a 3 maj\u0105 uczestniczy\u0142a w otwarciu Punktu Bibliotecznego w Zatoce. By\u0142a to ostatnia uroczysto\u015b\u0107 3 maj\u0105, w jakiej dzieci wzi\u0119\u0142y oficjalnie udzia\u0142. Najwa\u017cniejszymi wydarzeniami roku szkolnego 1951\/52 by\u0142y: przypadek zachorowania ucznia kl. I na chorob\u0119 Heine-Medina, na skutek czego szko\u0142\u0119 zamkni\u0119to na dwa tygodnie, zawody sportowe w kt\u00f3rych uczniowie \u201ewyskakali pierwsze miejsce\u201d, egzaminy ko\u0144cowe klasy VII i wpis do kroniki podinspektora szkolnego obywatela Micha\u0142a Jarmickiego. Obywatel Jarmicki odwiedza\u0142 szko\u0142\u0119 w kolejnych latach, co potwierdza\u0142 wpisem do kroniki. Rok szkolny 1953\/4 rozpoczyna si\u0119 wpisem o akademii szkolnej, na kt\u00f3r\u0105 przygotowano pie\u015bni, recytacje zwi\u0105zane z tematyk\u0105 pracy w nowym roku szkolnym, prac\u0105 dla polski Ludowej, Planem 6-letnim i walk\u0105 o pok\u00f3j. Kronikarskie zapiski do 1956r. s\u0105 bardzo suche i formalne. Dopiero rok szkolny 1956\/57 przynosi chwilow\u0105 zmian\u0119. Pani Maria Gaw\u0142owicz pozwala sobie na zapis odnosz\u0105cy si\u0119 do nowej sytuacji politycznej. Pisze: \u201e19 X 1956 r dokona\u0142a si\u0119 Rewolucja Pa\u017adziernikowa w Polsce przynosz\u0105c powa\u017cne zmiany w kraju w r\u00f3\u017cnych dziedzinach \u017cycia i gospodarki kraju. W naszej wsi przesz\u0142a ona bez wstrz\u0105s\u00f3w i wykrocze\u0144 jakie mia\u0142y miejsce gdzie indziej w stosunku do nauczycieli i innych obywateli. Jednak ludno\u015b\u0107 jak r\u00f3wnie\u017c dzieci szkolne by\u0142y ni\u0105 zainteresowane i podniecone. W wyniku dokonuj\u0105cych si\u0119 przemian uleg\u0142y zmianie programy historii, j\u0119zyka polskiego, biologii, nauk\u0119 religii wprowadzono jako przedmiot nadobowi\u0105zkowy.\u201d W tym samym roku ponownie starano si\u0119 o rozbudow\u0119 szko\u0142y. W tym celu sprzedano 3ha na \u201ePodb\u0142oniu w cenie 3 z\u0142 za 1 metr kwadratowy i wydzier\u017cawiono pastwisko wiejskie tzw. \u201eChrust\u201d wynosz\u0105ce 5 morg\u00f3w za 6000 z\u0142 rocznie. Przeciw tym poczynaniom wyst\u0105pili ze sprzeciwem obywatele&#8230; (i tu nast\u0119puje wyliczenie nazwisk 4 obywateli, kt\u00f3re to nazwiska pominiemy ze wzgl\u0119du na p\u00f3\u017aniejszy dopisek tycz\u0105cy si\u0119 ich przymiot\u00f3w umys\u0142u)<\/p>\n<p style=\"text-align: justify;\">\n","protected":false},"excerpt":{"rendered":"<p>Najstarszy zapis w kronice szko\u0142y z 21 wrze\u015bnia 1937 roku m\u00f3wi, \u017ce szko\u0142a powsta\u0142a w roku 1890 rozporz\u0105dzeniem Rady Szkolnej Krajowej we Lwowie. Pierwsi uczniowie pojawili si\u0119 dwa lata p\u00f3\u017aniej z powodu protest\u00f3w mieszka\u0144c\u00f3w obu wsi \u2013 Buczkowa i D\u0105br\u00f3wki \u2013 kt\u00f3rzy szko\u0142y w og\u00f3le nie chcieli. Pierwszym nauczycielem by\u0142 [&hellip;]<\/p>\n","protected":false},"author":1,"featured_media":0,"parent":0,"menu_order":0,"comment_status":"closed","ping_status":"closed","template":"","meta":{"ngg_post_thumbnail":0},"_links":{"self":[{"href":"https:\/\/zspdabrowka.pl\/spdabrowka\/wp-json\/wp\/v2\/pages\/24"}],"collection":[{"href":"https:\/\/zspdabrowka.pl\/spdabrowka\/wp-json\/wp\/v2\/pages"}],"about":[{"href":"https:\/\/zspdabrowka.pl\/spdabrowka\/wp-json\/wp\/v2\/types\/page"}],"author":[{"embeddable":true,"href":"https:\/\/zspdabrowka.pl\/spdabrowka\/wp-json\/wp\/v2\/users\/1"}],"replies":[{"embeddable":true,"href":"https:\/\/zspdabrowka.pl\/spdabrowka\/wp-json\/wp\/v2\/comments?post=24"}],"version-history":[{"count":3,"href":"https:\/\/zspdabrowka.pl\/spdabrowka\/wp-json\/wp\/v2\/pages\/24\/revisions"}],"predecessor-version":[{"id":357,"href":"https:\/\/zspdabrowka.pl\/spdabrowka\/wp-json\/wp\/v2\/pages\/24\/revisions\/357"}],"wp:attachment":[{"href":"https:\/\/zspdabrowka.pl\/spdabrowka\/wp-json\/wp\/v2\/media?parent=24"}],"curies":[{"name":"wp","href":"https:\/\/api.w.org\/{rel}","templated":true}]}}