{"id":23,"date":"2018-10-24T22:47:54","date_gmt":"2018-10-24T20:47:54","guid":{"rendered":"https:\/\/zspdabrowka.pl\/spdabrowka\/?page_id=23"},"modified":"2022-02-16T08:43:02","modified_gmt":"2022-02-16T07:43:02","slug":"kontakt","status":"publish","type":"page","link":"https:\/\/zspdabrowka.pl\/spdabrowka\/kontakt\/","title":{"rendered":"Kontakt"},"content":{"rendered":"\t\t<div data-elementor-type=\"wp-page\" data-elementor-id=\"23\" class=\"elementor elementor-23\" data-elementor-settings=\"[]\">\n\t\t\t\t\t\t<div class=\"elementor-inner\">\n\t\t\t\t\t\t\t<div class=\"elementor-section-wrap\">\n\t\t\t\t\t\t\t<section class=\"has_eae_slider elementor-section elementor-top-section elementor-element elementor-element-1212c09 elementor-section-stretched elementor-section-boxed elementor-section-height-default elementor-section-height-default\" data-id=\"1212c09\" data-element_type=\"section\" data-settings=\"{&quot;stretch_section&quot;:&quot;section-stretched&quot;,&quot;ekit_has_onepagescroll_dot&quot;:&quot;yes&quot;}\">\n\t\t\t\t\t\t<div class=\"elementor-container elementor-column-gap-default\">\n\t\t\t\t\t\t\t<div class=\"elementor-row\">\n\t\t\t\t\t<div class=\"has_eae_slider elementor-column elementor-col-50 elementor-top-column elementor-element elementor-element-8cf11b9\" data-id=\"8cf11b9\" data-element_type=\"column\">\n\t\t\t<div class=\"elementor-column-wrap elementor-element-populated\">\n\t\t\t\t\t\t\t<div class=\"elementor-widget-wrap\">\n\t\t\t\t\t\t<div class=\"elementor-element elementor-element-de81255 elementor-widget elementor-widget-text-editor\" data-id=\"de81255\" data-element_type=\"widget\" data-widget_type=\"text-editor.default\">\n\t\t\t\t<div class=\"elementor-widget-container\">\n\t\t\t\t\t<div class=\"elementor-text-editor elementor-clearfix\"><p style=\"text-align: center;\"><span style=\"color: #800080;\"><strong>Publiczna Szko\u0142a Podstawowa im. Prymasa Stefana Kardyna\u0142a Wyszy\u0144skiego w D\u0105br\u00f3wce<\/strong><\/span><\/p>\n<p style=\"text-align: center;\"><span style=\"color: #993366;\"><strong>Dyrektor:<\/strong>&nbsp;<\/span>mgr Bogus\u0142awa Janik<\/p>\n<p style=\"text-align: center;\"><span style=\"color: #993366;\"><strong>Adres:<\/strong><\/span> D\u0105br\u00f3wka 1, 32-712 Bratucice<\/p>\n<p style=\"text-align: center;\">powiat boche\u0144ski, wojew\u00f3dztwo ma\u0142opolskie<\/p>\n<p style=\"text-align: center;\"><span style=\"color: #993366;\"><strong>tel.:<\/strong><\/span> (014) 685 10 80<\/p>\n<p style=\"text-align: center;\"><span style=\"color: #993366;\"><strong>e-mail:<\/strong><\/span><span class=\"swm-cih-email swm-cih-title swm-heading-text\"><a href=\"mailto:sekretariat@zspdabrowka.pl\">sekretariat@zspdabrowka.pl<\/a><\/span> <br><\/p>\n<p style=\"text-align: center;\"><strong><span style=\"color: #993366;\">&nbsp;&nbsp;&nbsp;&nbsp; www:<\/span> <a href=\"http:\/\/zspdabrowka.pl\">http:\/\/zspdabrowka.pl<\/a>&nbsp;<\/strong><\/p><\/div>\n\t\t\t\t<\/div>\n\t\t\t\t<\/div>\n\t\t\t\t\t\t<\/div>\n\t\t\t\t\t<\/div>\n\t\t<\/div>\n\t\t\t\t<div class=\"has_eae_slider elementor-column elementor-col-50 elementor-top-column elementor-element elementor-element-933fcbd\" data-id=\"933fcbd\" data-element_type=\"column\">\n\t\t\t<div class=\"elementor-column-wrap elementor-element-populated\">\n\t\t\t\t\t\t\t<div class=\"elementor-widget-wrap\">\n\t\t\t\t\t\t<div class=\"elementor-element elementor-element-71f1f29 elementor-widget elementor-widget-google_maps\" data-id=\"71f1f29\" data-element_type=\"widget\" data-widget_type=\"google_maps.default\">\n\t\t\t\t<div class=\"elementor-widget-container\">\n\t\t\t<div class=\"elementor-custom-embed\"><iframe frameborder=\"0\" scrolling=\"no\" marginheight=\"0\" marginwidth=\"0\" src=\"https:\/\/maps.google.com\/maps?q=D%C4%85br%C3%B3wka%201%2C%2032-712%20Bratucice&amp;t=m&amp;z=14&amp;output=embed&amp;iwloc=near\" title=\"D\u0105br\u00f3wka 1, 32-712 Bratucice\" aria-label=\"D\u0105br\u00f3wka 1, 32-712 Bratucice\"><\/iframe><\/div>\t\t<\/div>\n\t\t\t\t<\/div>\n\t\t\t\t\t\t<\/div>\n\t\t\t\t\t<\/div>\n\t\t<\/div>\n\t\t\t\t\t\t\t\t<\/div>\n\t\t\t\t\t<\/div>\n\t\t<\/section>\n\t\t\t\t\t\t<\/div>\n\t\t\t\t\t\t<\/div>\n\t\t\t\t\t<\/div>\n\t\t","protected":false},"excerpt":{"rendered":"<p>Publiczna Szko\u0142a Podstawowa im. Prymasa Stefana Kardyna\u0142a Wyszy\u0144skiego w D\u0105br\u00f3wce Dyrektor:&nbsp;mgr Bogus\u0142awa Janik Adres: D\u0105br\u00f3wka 1, 32-712 Bratucice powiat boche\u0144ski, wojew\u00f3dztwo ma\u0142opolskie tel.: (014) 685 10 80 e-mail:sekretariat@zspdabrowka.pl &nbsp;&nbsp;&nbsp;&nbsp; www: http:\/\/zspdabrowka.pl&nbsp;<\/p>\n","protected":false},"author":1,"featured_media":0,"parent":0,"menu_order":0,"comment_status":"closed","ping_status":"closed","template":"","meta":{"ngg_post_thumbnail":0},"_links":{"self":[{"href":"https:\/\/zspdabrowka.pl\/spdabrowka\/wp-json\/wp\/v2\/pages\/23"}],"collection":[{"href":"https:\/\/zspdabrowka.pl\/spdabrowka\/wp-json\/wp\/v2\/pages"}],"about":[{"href":"https:\/\/zspdabrowka.pl\/spdabrowka\/wp-json\/wp\/v2\/types\/page"}],"author":[{"embeddable":true,"href":"https:\/\/zspdabrowka.pl\/spdabrowka\/wp-json\/wp\/v2\/users\/1"}],"replies":[{"embeddable":true,"href":"https:\/\/zspdabrowka.pl\/spdabrowka\/wp-json\/wp\/v2\/comments?post=23"}],"version-history":[{"count":12,"href":"https:\/\/zspdabrowka.pl\/spdabrowka\/wp-json\/wp\/v2\/pages\/23\/revisions"}],"predecessor-version":[{"id":3881,"href":"https:\/\/zspdabrowka.pl\/spdabrowka\/wp-json\/wp\/v2\/pages\/23\/revisions\/3881"}],"wp:attachment":[{"href":"https:\/\/zspdabrowka.pl\/spdabrowka\/wp-json\/wp\/v2\/media?parent=23"}],"curies":[{"name":"wp","href":"https:\/\/api.w.org\/{rel}","templated":true}]}}