{"id":2253,"date":"2020-04-26T21:17:59","date_gmt":"2020-04-26T19:17:59","guid":{"rendered":"https:\/\/zspdabrowka.pl\/spdabrowka\/?page_id=2253"},"modified":"2020-04-26T21:17:59","modified_gmt":"2020-04-26T19:17:59","slug":"oddzial_0_5_i_6_tydzien","status":"publish","type":"page","link":"https:\/\/zspdabrowka.pl\/spdabrowka\/oddzial_0_5_i_6_tydzien\/","title":{"rendered":"oddzial_0_5_i_6_tydzien"},"content":{"rendered":"<h5><a href=\"https:\/\/zspdabrowka.pl\/spdabrowka\/oddzial_0_1_i_2_tydzien\/\">I i II tydzie\u0144<\/a><\/h5>\n<h5><a href=\"https:\/\/zspdabrowka.pl\/spdabrowka\/oddzial_0_3_i_4_tydzien\/\">III i IV tydzie\u0144<\/a><\/h5>\n<p>&nbsp;<\/p>\n<h4><a href=\"http:\/\/zspdabrowka.pl\/spdabrowka\/wp-content\/uploads\/2020\/04\/Propozycje-zabaw-i-\u0107wicze\u0144-dla-dzieci-6-letnich-14.04.-17.04.20.docx\">Propozycje zabaw i \u0107wicze\u0144 dla dzieci 6-letnich 14.04.-17.04.20<\/a><\/h4>\n<h4><a href=\"http:\/\/zspdabrowka.pl\/spdabrowka\/wp-content\/uploads\/2020\/04\/Opowiadanie-Ma\u0142gorzaty-Str\u0119kowskiej-Uparty-kogut.docx\">Opowiadanie Ma\u0142gorzaty Str\u0119kowskiej &#8211; Uparty kogut<\/a><\/h4>\n<h4><a href=\"http:\/\/zspdabrowka.pl\/spdabrowka\/wp-content\/uploads\/2020\/04\/Propozycje-zabaw-i-\u0107wicze\u0144-dla-dzieci-w-dniach-20.04.20-24.04.2020.docx\">Propozycje zabaw i \u0107wicze\u0144 dla dzieci w dniach 20.04.20- 24.04.2020<\/a><\/h4>\n<h4><a href=\"http:\/\/zspdabrowka.pl\/spdabrowka\/wp-content\/uploads\/2020\/04\/Ksi\u0105\u017cki-wiersz.docx\">Ksi\u0105\u017cki &#8211; wiersz<\/a><\/h4>\n<h4><a href=\"http:\/\/zspdabrowka.pl\/spdabrowka\/wp-content\/uploads\/2020\/04\/Opowiadanie-Agaty-Widzowskiej-Lis-i-lornetka.docx\">Opowiadanie Agaty Widzowskiej Lis i lornetka<\/a><\/h4>\n<p>&nbsp;<\/p>\n<p>J\u0118ZYK ANGIELSKI<\/p>\n<p>Witam Was i waszych Rodzic\u00f3w serdecznie.<\/p>\n<p>W tym tygodniu uczycie si\u0119 o farmie wi\u0119c proponuj\u0119 Wam powt\u00f3rzenie piosenki o farmerze i jego zwierz\u0105tkach \u2013 troszk\u0119 si\u0119 r\u00f3\u017cni od tej, kt\u00f3r\u0105 \u015bpiewali\u015bmy na zaj\u0119ciach ale my\u015bl\u0119, \u017ce si\u0119 Wam spodoba i jak zwykle pi\u0119knie i g\u0142o\u015bno za\u015bpiewacie.<\/p>\n<p><a href=\"https:\/\/www.youtube.com\/watch?v=ovfdRHdGR_w\">https:\/\/www.youtube.com\/watch?v=ovfdRHdGR_w<\/a><\/p>\n<p>kolejne filmiki z nazwami zwierz\u0105t:<\/p>\n<p><a href=\"https:\/\/www.youtube.com\/watch?v=EwIOkOibTgM\">https:\/\/www.youtube.com\/watch?v=EwIOkOibTgM<\/a><\/p>\n<p><a href=\"https:\/\/www.youtube.com\/watch?v=Rs972keaw1k\">https:\/\/www.youtube.com\/watch?v=Rs972keaw1k<\/a><\/p>\n<p>I jeszcze odg\u0142osy zwierz\u0105t na farmie:<\/p>\n<p><a href=\"https:\/\/www.youtube.com\/watch?v=zXEq-QO3xTg\">https:\/\/www.youtube.com\/watch?v=zXEq-QO3xTg<\/a><\/p>\n<p>Proponuj\u0119 r\u00f3wnie\u017c \u0107wiczenia i gry na stronie \u2018anglomaniacy\u2019:<\/p>\n<p><a href=\"https:\/\/www.anglomaniacy.pl\/domesticAnimalsDictionary.htm\">https:\/\/www.anglomaniacy.pl\/domesticAnimalsDictionary.htm<\/a>\u00a0 s\u0142owniczek z wymow\u0105\u00a0 (klikamy ma\u0142y obrazek i s\u0142uchamy wymowy danego s\u0142\u00f3wka)<\/p>\n<p><a href=\"https:\/\/www.anglomaniacy.pl\/domesticAnimalsMatching.htm\">https:\/\/www.anglomaniacy.pl\/domesticAnimalsMatching.htm<\/a> memory game (klikamy dwa obrazki i dopasowujemy s\u0142\u00f3wko i obrazek)<\/p>\n<p><a href=\"https:\/\/www.anglomaniacy.pl\/domesticAnimalsPictureTest.htm\">https:\/\/www.anglomaniacy.pl\/domesticAnimalsPictureTest.htm<\/a> picture test (klikamy szary numer i nast\u0119pnie obrazek, kt\u00f3ry przedstawia wy\u015bwietlone s\u0142\u00f3wko)<\/p>\n<p>oraz obrazki i s\u0142\u00f3wka do wydrukowania i zrobienia w\u0142asnej farmy (dla ch\u0119tnych)<\/p>\n<p><a href=\"https:\/\/www.anglomaniacy.pl\/pdf\/domesticAnimalsM.pdf\">https:\/\/www.anglomaniacy.pl\/pdf\/domesticAnimalsM.pdf<\/a><\/p>\n<p>Pozdrawiam serdecznie i \u017cycz\u0119 fajnej zabawy z angielskim,<\/p>\n<p>Gra\u017cyna Filipek-Gomez<\/p>\n<p><a href=\"mailto:gfilipekgomez88@gmail.com\">gfilipekgomez88@gmail.com<\/a><\/p>\n<p>&nbsp;<\/p>\n<p><strong><u>KLASA 0\u00a0\u00a0 \u00a020.04 \u2013 23.04.2020 <\/u><\/strong><\/p>\n<ol>\n<li><strong><u> ANGIELSKI <\/u><\/strong><\/li>\n<\/ol>\n<p>Witam Was serdecznie drogie Przedszkolaczki \u2013 S\u00f3wki.<\/p>\n<p>W tym tygodniu proponuj\u0119 Wam piosenk\u0119 o ratowaniu planety<\/p>\n<p><a href=\"https:\/\/www.youtube.com\/watch?v=BP-yCd2qLxo\">https:\/\/www.youtube.com\/watch?v=BP-yCd2qLxo<\/a><\/p>\n<p>W nast\u0119pnym linku prosz\u0119 pos\u0142ucha\u0107 pierwszej piosenki \u2013 r\u00f3wnie\u017c o tym co robi\u0107 by pom\u00f3c naszej planecie<\/p>\n<p><a href=\"https:\/\/www.youtube.com\/watch?v=xqkGPgtFHR4&amp;t=222s\">https:\/\/www.youtube.com\/watch?v=xqkGPgtFHR4&amp;t=222s<\/a><\/p>\n<p>I jeszcze co\u015b dla ma\u0142ych farmer\u00f3w:<\/p>\n<p><a href=\"https:\/\/www.youtube.com\/watch?v=a44NFSiIn54\">https:\/\/www.youtube.com\/watch?v=a44NFSiIn54<\/a><\/p>\n<p>Pozdrawiam serdecznie i \u017cycz\u0119 mi\u0142ej zabawy z angielskim.<\/p>\n<p>GFG<\/p>\n","protected":false},"excerpt":{"rendered":"<p>I i II tydzie\u0144 III i IV tydzie\u0144 &nbsp; Propozycje zabaw i \u0107wicze\u0144 dla dzieci 6-letnich 14.04.-17.04.20 Opowiadanie Ma\u0142gorzaty Str\u0119kowskiej &#8211; Uparty kogut Propozycje zabaw i \u0107wicze\u0144 dla dzieci w dniach 20.04.20- 24.04.2020 Ksi\u0105\u017cki &#8211; wiersz Opowiadanie Agaty Widzowskiej Lis i lornetka &nbsp; J\u0118ZYK ANGIELSKI Witam Was i waszych Rodzic\u00f3w [&hellip;]<\/p>\n","protected":false},"author":1,"featured_media":0,"parent":0,"menu_order":0,"comment_status":"closed","ping_status":"closed","template":"","meta":{"ngg_post_thumbnail":0},"_links":{"self":[{"href":"https:\/\/zspdabrowka.pl\/spdabrowka\/wp-json\/wp\/v2\/pages\/2253"}],"collection":[{"href":"https:\/\/zspdabrowka.pl\/spdabrowka\/wp-json\/wp\/v2\/pages"}],"about":[{"href":"https:\/\/zspdabrowka.pl\/spdabrowka\/wp-json\/wp\/v2\/types\/page"}],"author":[{"embeddable":true,"href":"https:\/\/zspdabrowka.pl\/spdabrowka\/wp-json\/wp\/v2\/users\/1"}],"replies":[{"embeddable":true,"href":"https:\/\/zspdabrowka.pl\/spdabrowka\/wp-json\/wp\/v2\/comments?post=2253"}],"version-history":[{"count":1,"href":"https:\/\/zspdabrowka.pl\/spdabrowka\/wp-json\/wp\/v2\/pages\/2253\/revisions"}],"predecessor-version":[{"id":2254,"href":"https:\/\/zspdabrowka.pl\/spdabrowka\/wp-json\/wp\/v2\/pages\/2253\/revisions\/2254"}],"wp:attachment":[{"href":"https:\/\/zspdabrowka.pl\/spdabrowka\/wp-json\/wp\/v2\/media?parent=2253"}],"curies":[{"name":"wp","href":"https:\/\/api.w.org\/{rel}","templated":true}]}}