{"id":22,"date":"2018-10-24T22:47:54","date_gmt":"2018-10-24T20:47:54","guid":{"rendered":"https:\/\/zspdabrowka.pl\/spdabrowka\/?page_id=22"},"modified":"2023-12-13T13:23:27","modified_gmt":"2023-12-13T12:23:27","slug":"ochrona-danych-osobowych","status":"publish","type":"page","link":"https:\/\/zspdabrowka.pl\/spdabrowka\/ochrona-danych-osobowych\/","title":{"rendered":"Ochrona Danych Osobowych"},"content":{"rendered":"<p style=\"text-align: center;\"><strong>KLAUZULA INFORMACYJNA DOTYCZ\u0104CA PRZETWARZANIA DANYCH OSOBOWYCH<\/strong><\/p>\n<p>&nbsp;<\/p>\n<p>Zgodnie z art. 13 ust. 1 i 2 Rozporz\u0105dzenia Parlamentu Europejskiego i Rady (ue) 2016\/679 z dnia 27 kwietnia 2016 w sprawie ochrony os\u00f3b fizycznych w zwi\u0105zku z przetwarzaniem danych osobowych i w sprawie swobodnego przep\u0142ywu takich danych oraz uchylenia dyrektywy 95\/46\/we (og\u00f3lne rozporz\u0105dzenie o ochronie danych), dalej RODO, informuj\u0119, i\u017c:<\/p>\n<ul>\n<li>Administratorem Pani\/Pana danych osobowych jest: Zesp\u00f3\u0142 Szkolno-Przedszkolny z siedzib\u0105 w D\u0105br\u00f3wce 1, 32-712 Bratucice;<\/li>\n<li>kontakt telefoniczny do inspektora &#8211; Agnieszka Kwa\u015bnik &#8211; 788353115<\/li>\n<li>\n<div>Administratorem danych osobowych jest Firma VALVEN Sp.z o.o.K\u0119dzierzyn-Ko\u017ale 47-220, ul. Kozielska 67<\/div>\n<div>e-mail: iod@valven.pl<\/div>\n<\/li>\n<li>Celem przetwarzania Pani\/Pana danych osobowych jest zatrudnianie, zapewnienie \u015bwiadcze\u0144 socjalnych oraz bezpiecze\u0144stwo i organizacja pracy. Podstaw\u0105 prawn\u0105 przetwarzania danych osobowych w tym celu, jest:<\/li>\n<\/ul>\n<p>-Art. 6 ust. 1 lit. c RODO<\/p>\n<p>-Art. 6 ust. 1 lit. f, jako niezb\u0119dne do cel\u00f3w wynikaj\u0105cych z prawnie uzasadnionych interes\u00f3w realizowanych przez Administratora (*monitoring wizyjny, monitoring system\u00f3w informatycznych, wewn\u0119trzna identyfikacja wizualna pracownik\u00f3w, stosowanie systemu kontroli dost\u0119pu)<\/p>\n<p>-Ustawa z dnia 21 listopada 2008 r. o pracownikach samorz\u0105dowych<br \/>\n\u2013 t.j. Dz.U.2016.902 ze zm.,<\/p>\n<p>-Ustawa z dnia 26 czerwca 1974 r. Kodeks pracy \u2013 Dz.U.2018 poz.108,<\/p>\n<p>-Ustawa z dnia 26 stycznia 1982 r. Karta Nauczyciela \u2013 t.j. Dz. U. 2018.967 ze zm.,<\/p>\n<p>-Rozporz\u0105dzenie Ministra Pracy i Polityki Socjalnej z dnia 28 maja 1996 i. w sprawie zakresu prowadzenia przez pracodawc\u00f3w dokumentacji w sprawach zwi\u0105zanych ze stosunkiem pracy oraz sposobu prowadzenia akt osobowych pracownika &#8211; Dz.U.2017.894,<\/p>\n<p>-Ustawa z dnia 14.07.1983 r. o narodowym zasobie archiwalnym i archiwach \u2013 Dz.U.2018 poz. 217.<\/p>\n<p><em>Odbiorcami Pani\/Pana danych osobowych b\u0119d\u0105:<\/em><\/p>\n<p>Medycyna pracy, S\u0142u\u017cba BHP, Ubezpieczenia grupowe, Radca Prawny, GZOSZiP, Banki, ZUS i Urz\u0105d Skarbowy, Obs\u0142uga informatyczna, Inspektor ochrony danych.<\/p>\n<p>Pani\/Pana dane osobowe b\u0119d\u0105 przetwarzane przez Administratora danych przez okres wynikaj\u0105cy z przepis\u00f3w prawa, tj. 50 lat (art. 51u ust. 1 ustawy z dnia 14 lipca 1983 r. o narodowym zasobie archiwalnym i archiwach &#8211; Dz.U.2018.217 a w pozosta\u0142ych przypadkach do ustania celu przetwarzania danych&nbsp;oraz do momentu odwo\u0142ania zgody.<\/p>\n<p>Przys\u0142uguje Pani\/Panu prawo \u017c\u0105dania dost\u0119pu do danych osobowych dotycz\u0105cych Pani\/Pana osoby, prawo do ich sprostowania, usuni\u0119cia lub ograniczenia przetwarzania oraz prawo do wniesienia sprzeciwu wobec przetwarzania, a tak\u017ce prawo do przenoszenia danych (je\u017celi przetwarzania odbywa si\u0119 w spos\u00f3b zautomatyzowany).<\/p>\n<p>Ponadto, przys\u0142uguje Pani\/Panu prawo do cofni\u0119cia wyra\u017conej zgody w dowolnym momencie. Powy\u017csze nie wp\u0142ywa na zgodno\u015b\u0107 z prawem przetwarzania, kt\u00f3rego dokonano na podstawie wyra\u017conej przez Pani\u0105\/Pana zgody przed jej cofni\u0119ciem.<\/p>\n<p>Dodatkowo, przys\u0142uguje Pani\/Panu prawo do z\u0142o\u017cenia skargi do organu nadzorczego. Obecnie jest to Generalny Inspektor Ochrony Danych Osobowych, ul. Stawki 2, 00-193 Warszawa \/ Prezes Urz\u0119du Ochrony Danych Osobowych<\/p>\n<p>Podanie danych osobowych jest obligatoryjne w oparciu o przepisy prawa a w pozosta\u0142ym zakresie jest dobrowolne.<\/p>\n","protected":false},"excerpt":{"rendered":"<p>KLAUZULA INFORMACYJNA DOTYCZ\u0104CA PRZETWARZANIA DANYCH OSOBOWYCH &nbsp; Zgodnie z art. 13 ust. 1 i 2 Rozporz\u0105dzenia Parlamentu Europejskiego i Rady (ue) 2016\/679 z dnia 27 kwietnia 2016 w sprawie ochrony os\u00f3b fizycznych w zwi\u0105zku z przetwarzaniem danych osobowych i w sprawie swobodnego przep\u0142ywu takich danych oraz uchylenia dyrektywy 95\/46\/we (og\u00f3lne [&hellip;]<\/p>\n","protected":false},"author":1,"featured_media":0,"parent":0,"menu_order":0,"comment_status":"closed","ping_status":"closed","template":"","meta":{"ngg_post_thumbnail":0},"_links":{"self":[{"href":"https:\/\/zspdabrowka.pl\/spdabrowka\/wp-json\/wp\/v2\/pages\/22"}],"collection":[{"href":"https:\/\/zspdabrowka.pl\/spdabrowka\/wp-json\/wp\/v2\/pages"}],"about":[{"href":"https:\/\/zspdabrowka.pl\/spdabrowka\/wp-json\/wp\/v2\/types\/page"}],"author":[{"embeddable":true,"href":"https:\/\/zspdabrowka.pl\/spdabrowka\/wp-json\/wp\/v2\/users\/1"}],"replies":[{"embeddable":true,"href":"https:\/\/zspdabrowka.pl\/spdabrowka\/wp-json\/wp\/v2\/comments?post=22"}],"version-history":[{"count":5,"href":"https:\/\/zspdabrowka.pl\/spdabrowka\/wp-json\/wp\/v2\/pages\/22\/revisions"}],"predecessor-version":[{"id":5468,"href":"https:\/\/zspdabrowka.pl\/spdabrowka\/wp-json\/wp\/v2\/pages\/22\/revisions\/5468"}],"wp:attachment":[{"href":"https:\/\/zspdabrowka.pl\/spdabrowka\/wp-json\/wp\/v2\/media?parent=22"}],"curies":[{"name":"wp","href":"https:\/\/api.w.org\/{rel}","templated":true}]}}