{"id":1823,"date":"2020-04-14T12:55:17","date_gmt":"2020-04-14T10:55:17","guid":{"rendered":"https:\/\/zspdabrowka.pl\/spdabrowka\/?page_id=1823"},"modified":"2020-04-14T12:55:17","modified_gmt":"2020-04-14T10:55:17","slug":"klauzula-zdalne-nauczanie","status":"publish","type":"page","link":"https:\/\/zspdabrowka.pl\/spdabrowka\/klauzula-zdalne-nauczanie\/","title":{"rendered":"Klauzula Zdalne Nauczanie"},"content":{"rendered":"<p><strong>Klauzula zdalne nauczanie<\/strong><\/p>\n<p>Zgodnie z art. 13 ust. 1 i ust. 2 og\u00f3lnego rozporz\u0105dzenia o ochronie danych osobowych<br \/>\nz dnia 27 kwietnia 2016 r. informuj\u0119, \u017ce:<\/p>\n<p>1)\u00a0Administratorem Pani\/Pana danych osobowych jest Dyrektor Zespo\u0142u Szkolno-Przedszkolnego w D\u0105br\u00f3wce, e-mail szkoladabrowka@onet.eu,<\/p>\n<p>2) Zosta\u0142 powo\u0142any inspektor danych osobowych ma Pani\/Pan prawo kontaktu z nim za pomoc\u0105 adresu <a href=\"mailto:skarbnik.audyt@onet.pl,%20biuro\">skarbnik.audyt@onet.pl, biuro<\/a>@skarbnikaudyt.pl<\/p>\n<p>3) Dane osobowe b\u0119d\u0105 przetwarzane w celu realizacji zada\u0144 dydaktycznych, wychowawczych na podstawie Ustawy \u2013 Prawo o\u015bwiatowe oraz Rozporz\u0105dzenia Ministra Edukacji Narodowej z dnia 11 marca 2020 r. w sprawie czasowego ograniczenia funkcjonowania jednostek systemu o\u015bwiaty w zwi\u0105zku z zapobieganiem, przeciwdzia\u0142aniem i\u00a0zwalczaniem COVID-19.<\/p>\n<p>4) Dane osobowe b\u0119d\u0105 przetwarzane za po\u015brednictwem nast\u0119puj\u0105cych program\u00f3w:<\/p>\n<p>&#8211; Platforma e-podr\u0119czniki<\/p>\n<p>&#8211; Skype \/ WhatsApp<\/p>\n<p>&#8211; Messenger<\/p>\n<p>&#8211; dostawc\u00f3w poczty elektronicznej<\/p>\n<p>5) Posiada Pani\/Pan prawo dost\u0119pu do tre\u015bci swoich danych oraz prawo ich sprostowania, usuni\u0119cia, ograniczenia przetwarzania, prawo do przenoszenia danych, prawo wniesienia sprzeciwu.<\/p>\n<p>6) Ma Pan\/Pani prawo wniesienia skargi do organu nadzorczego, gdy uzna Pani\/Pan, i\u017c przetwarzanie danych osobowych Pani\/Pana dotycz\u0105cych narusza przepisy og\u00f3lnego rozporz\u0105dzenia o ochronie danych osobowych z dnia 27 kwietnia 2016 r.<\/p>\n<p>7) Dane osobowe nie b\u0119d\u0105 przetwarzane w spos\u00f3b zautomatyzowany oraz nie b\u0119d\u0105 podlega\u0107 profilowaniu.<\/p>\n<p>8) Dane osobowe b\u0119d\u0105 przechowywane przez okres niezb\u0119dny do realizacji cel\u00f3w, a po tym czasie przez okres wymagany przez przepisy powszechnie obowi\u0105zuj\u0105cego prawa.<\/p>\n<p>&nbsp;<\/p>\n","protected":false},"excerpt":{"rendered":"<p>Klauzula zdalne nauczanie Zgodnie z art. 13 ust. 1 i ust. 2 og\u00f3lnego rozporz\u0105dzenia o ochronie danych osobowych z dnia 27 kwietnia 2016 r. informuj\u0119, \u017ce: 1)\u00a0Administratorem Pani\/Pana danych osobowych jest Dyrektor Zespo\u0142u Szkolno-Przedszkolnego w D\u0105br\u00f3wce, e-mail szkoladabrowka@onet.eu, 2) Zosta\u0142 powo\u0142any inspektor danych osobowych ma Pani\/Pan prawo kontaktu z nim [&hellip;]<\/p>\n","protected":false},"author":1,"featured_media":0,"parent":0,"menu_order":0,"comment_status":"closed","ping_status":"closed","template":"","meta":{"ngg_post_thumbnail":0},"_links":{"self":[{"href":"https:\/\/zspdabrowka.pl\/spdabrowka\/wp-json\/wp\/v2\/pages\/1823"}],"collection":[{"href":"https:\/\/zspdabrowka.pl\/spdabrowka\/wp-json\/wp\/v2\/pages"}],"about":[{"href":"https:\/\/zspdabrowka.pl\/spdabrowka\/wp-json\/wp\/v2\/types\/page"}],"author":[{"embeddable":true,"href":"https:\/\/zspdabrowka.pl\/spdabrowka\/wp-json\/wp\/v2\/users\/1"}],"replies":[{"embeddable":true,"href":"https:\/\/zspdabrowka.pl\/spdabrowka\/wp-json\/wp\/v2\/comments?post=1823"}],"version-history":[{"count":1,"href":"https:\/\/zspdabrowka.pl\/spdabrowka\/wp-json\/wp\/v2\/pages\/1823\/revisions"}],"predecessor-version":[{"id":1824,"href":"https:\/\/zspdabrowka.pl\/spdabrowka\/wp-json\/wp\/v2\/pages\/1823\/revisions\/1824"}],"wp:attachment":[{"href":"https:\/\/zspdabrowka.pl\/spdabrowka\/wp-json\/wp\/v2\/media?parent=1823"}],"curies":[{"name":"wp","href":"https:\/\/api.w.org\/{rel}","templated":true}]}}