{"id":1788,"date":"2020-04-06T21:11:33","date_gmt":"2020-04-06T19:11:33","guid":{"rendered":"https:\/\/zspdabrowka.pl\/spdabrowka\/?page_id=1788"},"modified":"2021-02-28T19:37:10","modified_gmt":"2021-02-28T18:37:10","slug":"informacje-psychologa-2","status":"publish","type":"page","link":"https:\/\/zspdabrowka.pl\/spdabrowka\/informacje-psychologa-2\/","title":{"rendered":"Informacje psychologa"},"content":{"rendered":"<ul>\n<li>\n<h4><a href=\"https:\/\/zspdabrowka.pl\/spdabrowka\/wp-content\/uploads\/2021\/02\/Zdalne-wsparcie-Dabrowka-1.odt\">Zdalne wsparcie<\/a><\/h4>\n<\/li>\n<li>\n<h4><a href=\"https:\/\/zspdabrowka.pl\/spdabrowka\/wp-content\/uploads\/2021\/02\/Niecodziennik.odt\">Niecodziennik<\/a><\/h4>\n<\/li>\n<li>\n<h4><a href=\"https:\/\/zspdabrowka.pl\/spdabrowka\/wp-content\/uploads\/2021\/02\/Bezpieczenstwo-w-sieci-internet-lek-materialy-do-pracy.pdf\">Bezpieczenstwo-w-sieci-internet-lek-materialy-do-pracy<\/a><\/h4>\n<\/li>\n<li>\n<h4><a href=\"http:\/\/zspdabrowka.pl\/spdabrowka\/wp-content\/uploads\/2020\/04\/Co-robi\u0107-w-czasie-kwarantanny.odt\">Co robi\u0107 w czasie kwarantanny<\/a><\/h4>\n<\/li>\n<li>\n<h4><a href=\"http:\/\/zspdabrowka.pl\/spdabrowka\/wp-content\/uploads\/2020\/04\/Jak-radzi\u0107-sobie-ze-stresem.odt\">Jak radzi\u0107 sobie ze stresem<\/a><\/h4>\n<\/li>\n<li>\n<h4><a href=\"http:\/\/zspdabrowka.pl\/spdabrowka\/wp-content\/uploads\/2020\/04\/Jak-si\u0119-uczy\u0107.odt\">Jak si\u0119 uczy\u0107<\/a><\/h4>\n<\/li>\n<li>\n<h4><a href=\"http:\/\/zspdabrowka.pl\/spdabrowka\/wp-content\/uploads\/2020\/04\/ochrona-wizerunku.odt\">Ochrona wizerunku<\/a><\/h4>\n<\/li>\n<li>\n<h4><a href=\"http:\/\/zspdabrowka.pl\/spdabrowka\/wp-content\/uploads\/2020\/04\/Lista-bezp\u0142atne-wsparcie-psychologiczne.odt\">Lista- bezp\u0142atne wsparcie psychologiczne<\/a><\/h4>\n<\/li>\n<li>\n<h4><a href=\"http:\/\/zspdabrowka.pl\/spdabrowka\/wp-content\/uploads\/2020\/04\/Jak-pom\u00f3c-dzieciom-w-nauce-domowej.pdf\">Jak pom\u00f3c dzieciom w nauce domowej<\/a><\/h4>\n<\/li>\n<li>\n<h4><a href=\"http:\/\/zspdabrowka.pl\/spdabrowka\/wp-content\/uploads\/2020\/05\/Radzenie-sobie-ze-stresem-szkolnym-i-egzaminacyjnym-poradnik.odt\">Radzenie sobie ze stresem szkolnym i egzaminacyjnym &#8211; poradnik<\/a><\/h4>\n<\/li>\n<li>\n<h4><a href=\"http:\/\/zspdabrowka.pl\/spdabrowka\/wp-content\/uploads\/2020\/05\/Sposoby-na-lepsz\u0105-pami\u0119\u0107.odt\">Sposoby na lepsz\u0105 pami\u0119\u0107<\/a><\/h4>\n<\/li>\n<li>\n<h4><a href=\"http:\/\/zspdabrowka.pl\/spdabrowka\/wp-content\/uploads\/2020\/05\/10-zasad-wirusoobrony.pdf\">10 zasad wirusoobrony<\/a><\/h4>\n<\/li>\n<li>\n<h4><a href=\"http:\/\/zspdabrowka.pl\/spdabrowka\/wp-content\/uploads\/2020\/05\/Dzieci-ucz\u0105-si\u0119-tego-czego-do\u015bwiadczaj\u0105.odt\">Dzieci ucz\u0105 si\u0119 tego czego do\u015bwiadczaj\u0105<\/a><\/h4>\n<\/li>\n<li>\n<h4><a href=\"http:\/\/zspdabrowka.pl\/spdabrowka\/wp-content\/uploads\/2020\/06\/Jak-pom\u00f3c-dziecku-w-czasie-egzamin\u00f3w.odt\">Jak pom\u00f3c dziecku w czasie egzamin\u00f3w?<\/a><\/h4>\n<\/li>\n<\/ul>\n<p>&nbsp;<\/p>\n<p>&nbsp;<\/p>\n<p><a href=\"http:\/\/zspdabrowka.pl\/spdabrowka\/wp-content\/uploads\/2020\/04\/Co-robi\u0107-z-dzieckiem-w-domu.jpg\"><img loading=\"lazy\" class=\"alignleft wp-image-1988 size-full\" src=\"http:\/\/zspdabrowka.pl\/spdabrowka\/wp-content\/uploads\/2020\/04\/Co-robi\u0107-z-dzieckiem-w-domu.jpg\" alt=\"\" width=\"640\" height=\"960\" srcset=\"https:\/\/zspdabrowka.pl\/spdabrowka\/wp-content\/uploads\/2020\/04\/Co-robi\u0107-z-dzieckiem-w-domu.jpg 640w, https:\/\/zspdabrowka.pl\/spdabrowka\/wp-content\/uploads\/2020\/04\/Co-robi\u0107-z-dzieckiem-w-domu-200x300.jpg 200w\" sizes=\"(max-width: 640px) 100vw, 640px\" \/><\/a><\/p>\n<p>&nbsp;<\/p>\n<p>&nbsp;<\/p>\n<p>&nbsp;<\/p>\n<p>&nbsp;<\/p>\n<p><a href=\"http:\/\/zspdabrowka.pl\/spdabrowka\/wp-content\/uploads\/2020\/04\/Jak-budowa\u0107-poczucie-warto\u015bci-u-dziecka.png\"><img loading=\"lazy\" class=\"size-medium wp-image-1989 alignleft\" src=\"http:\/\/zspdabrowka.pl\/spdabrowka\/wp-content\/uploads\/2020\/04\/Jak-budowa\u0107-poczucie-warto\u015bci-u-dziecka-232x300.png\" alt=\"\" width=\"232\" height=\"300\" srcset=\"https:\/\/zspdabrowka.pl\/spdabrowka\/wp-content\/uploads\/2020\/04\/Jak-budowa\u0107-poczucie-warto\u015bci-u-dziecka-232x300.png 232w, https:\/\/zspdabrowka.pl\/spdabrowka\/wp-content\/uploads\/2020\/04\/Jak-budowa\u0107-poczucie-warto\u015bci-u-dziecka.png 720w\" sizes=\"(max-width: 232px) 100vw, 232px\" \/><\/a><\/p>\n<p>&nbsp;<\/p>\n<p>&nbsp;<\/p>\n<p>&nbsp;<\/p>\n<p>&nbsp;<\/p>\n<p>&nbsp;<\/p>\n<p>&nbsp;<\/p>\n<p>&nbsp;<\/p>\n<p>&nbsp;<\/p>\n<p>&nbsp;<\/p>\n<p>&nbsp;<\/p>\n<p>&nbsp;<\/p>\n<p>&nbsp;<\/p>\n<p>&nbsp;<\/p>\n<p>&nbsp;<\/p>\n<p>&nbsp;<\/p>\n<p>&nbsp;<\/p>\n<p><a href=\"http:\/\/zspdabrowka.pl\/spdabrowka\/wp-content\/uploads\/2020\/04\/Wskaz\u00f3wki-dla-Rodzic\u00f3w-Stres.jpg\"><img loading=\"lazy\" class=\" wp-image-2122 alignleft\" src=\"http:\/\/zspdabrowka.pl\/spdabrowka\/wp-content\/uploads\/2020\/04\/Wskaz\u00f3wki-dla-Rodzic\u00f3w-Stres-141x300.jpg\" alt=\"\" width=\"182\" height=\"387\" srcset=\"https:\/\/zspdabrowka.pl\/spdabrowka\/wp-content\/uploads\/2020\/04\/Wskaz\u00f3wki-dla-Rodzic\u00f3w-Stres-141x300.jpg 141w, https:\/\/zspdabrowka.pl\/spdabrowka\/wp-content\/uploads\/2020\/04\/Wskaz\u00f3wki-dla-Rodzic\u00f3w-Stres-768x1631.jpg 768w, https:\/\/zspdabrowka.pl\/spdabrowka\/wp-content\/uploads\/2020\/04\/Wskaz\u00f3wki-dla-Rodzic\u00f3w-Stres-482x1024.jpg 482w, https:\/\/zspdabrowka.pl\/spdabrowka\/wp-content\/uploads\/2020\/04\/Wskaz\u00f3wki-dla-Rodzic\u00f3w-Stres.jpg 1083w\" sizes=\"(max-width: 182px) 100vw, 182px\" \/><\/a><\/p>\n\n\n<figure class=\"wp-block-image size-large\"><img loading=\"lazy\" width=\"724\" height=\"1024\" src=\"https:\/\/zspdabrowka.pl\/spdabrowka\/wp-content\/uploads\/2021\/02\/Pomoc-psychologiczna-na-terenie-powiatu-i-nie-tylko-724x1024.jpg\" alt=\"\" class=\"wp-image-3226\" srcset=\"https:\/\/zspdabrowka.pl\/spdabrowka\/wp-content\/uploads\/2021\/02\/Pomoc-psychologiczna-na-terenie-powiatu-i-nie-tylko-724x1024.jpg 724w, https:\/\/zspdabrowka.pl\/spdabrowka\/wp-content\/uploads\/2021\/02\/Pomoc-psychologiczna-na-terenie-powiatu-i-nie-tylko-212x300.jpg 212w, https:\/\/zspdabrowka.pl\/spdabrowka\/wp-content\/uploads\/2021\/02\/Pomoc-psychologiczna-na-terenie-powiatu-i-nie-tylko-768x1086.jpg 768w, https:\/\/zspdabrowka.pl\/spdabrowka\/wp-content\/uploads\/2021\/02\/Pomoc-psychologiczna-na-terenie-powiatu-i-nie-tylko-1086x1536.jpg 1086w, https:\/\/zspdabrowka.pl\/spdabrowka\/wp-content\/uploads\/2021\/02\/Pomoc-psychologiczna-na-terenie-powiatu-i-nie-tylko.jpg 1414w\" sizes=\"(max-width: 724px) 100vw, 724px\" \/><\/figure>\n","protected":false},"excerpt":{"rendered":"<p>Zdalne wsparcie Niecodziennik Bezpieczenstwo-w-sieci-internet-lek-materialy-do-pracy Co robi\u0107 w czasie kwarantanny Jak radzi\u0107 sobie ze stresem Jak si\u0119 uczy\u0107 Ochrona wizerunku Lista- bezp\u0142atne wsparcie psychologiczne Jak pom\u00f3c dzieciom w nauce domowej Radzenie sobie ze stresem szkolnym i egzaminacyjnym &#8211; poradnik Sposoby na lepsz\u0105 pami\u0119\u0107 10 zasad wirusoobrony Dzieci ucz\u0105 si\u0119 tego czego [&hellip;]<\/p>\n","protected":false},"author":1,"featured_media":0,"parent":0,"menu_order":0,"comment_status":"closed","ping_status":"closed","template":"","meta":{"ngg_post_thumbnail":0},"_links":{"self":[{"href":"https:\/\/zspdabrowka.pl\/spdabrowka\/wp-json\/wp\/v2\/pages\/1788"}],"collection":[{"href":"https:\/\/zspdabrowka.pl\/spdabrowka\/wp-json\/wp\/v2\/pages"}],"about":[{"href":"https:\/\/zspdabrowka.pl\/spdabrowka\/wp-json\/wp\/v2\/types\/page"}],"author":[{"embeddable":true,"href":"https:\/\/zspdabrowka.pl\/spdabrowka\/wp-json\/wp\/v2\/users\/1"}],"replies":[{"embeddable":true,"href":"https:\/\/zspdabrowka.pl\/spdabrowka\/wp-json\/wp\/v2\/comments?post=1788"}],"version-history":[{"count":15,"href":"https:\/\/zspdabrowka.pl\/spdabrowka\/wp-json\/wp\/v2\/pages\/1788\/revisions"}],"predecessor-version":[{"id":3229,"href":"https:\/\/zspdabrowka.pl\/spdabrowka\/wp-json\/wp\/v2\/pages\/1788\/revisions\/3229"}],"wp:attachment":[{"href":"https:\/\/zspdabrowka.pl\/spdabrowka\/wp-json\/wp\/v2\/media?parent=1788"}],"curies":[{"name":"wp","href":"https:\/\/api.w.org\/{rel}","templated":true}]}}