{"id":1533,"date":"2020-03-29T17:08:25","date_gmt":"2020-03-29T15:08:25","guid":{"rendered":"https:\/\/zspdabrowka.pl\/spdabrowka\/?page_id=1533"},"modified":"2020-03-29T17:08:47","modified_gmt":"2020-03-29T15:08:47","slug":"oddzial_0_1_i_2_tydzien","status":"publish","type":"page","link":"https:\/\/zspdabrowka.pl\/spdabrowka\/oddzial_0_1_i_2_tydzien\/","title":{"rendered":"oddzial_0_1_i_2_tydzien"},"content":{"rendered":"<p><strong>Materia\u0142y do pracy dla dzieci z oddzia\u0142u ,,0\u201d w dniach 23.03.2020- 27.03.2020<\/strong><\/p>\n<p><strong>\u00a0<\/strong><\/p>\n<p>Temat tygodnia: <strong>Marcowa pogoda<\/strong><\/p>\n<p><strong>\u00a0<\/strong><\/p>\n<p><strong>Poniedzia\u0142ek 23.03.2020 &#8211; \u00a0,,W marcu jak w garncu\u201d<\/strong><\/p>\n<p><strong>\u00a0<\/strong>Praca z ksi\u0105\u017ck\u0105 ,,Karty pracy cz.3\u201d ( ksi\u0105\u017cka fioletowa).<\/p>\n<p>&#8211;\u00a0\u00a0\u00a0 Obejrzyj zdj\u0119cia \u00a0i nazwij elementy pogody, \u00a0rysuj po \u015bladach str.44<\/p>\n<p>&#8211;\u00a0\u00a0\u00a0 Uzupe\u0142nij sw\u00f3j kalendarz pogody ( przez ca\u0142y tydzie\u0144\u00a0 obserwuj pogod\u0119<\/p>\n<p>i narysuj odpowiedni element pogody, nazywaj\u0105c dzie\u0144 tygodnia) str.49<\/p>\n<p>&nbsp;<\/p>\n<ol start=\"2\">\n<li>Praca z ksi\u0105\u017ck\u0105 ,,Litery i liczby\u201d cz.2 ( ksi\u0105\u017cka zielona)<\/li>\n<\/ol>\n<p>&#8211;\u00a0\u00a0\u00a0 Obejrzyj rysunek\u00a0 i powiedz ,,Co robi tata i dlaczego zas\u0142ania oczy?\u201d str. 40 i 41<\/p>\n<p>&#8211;\u00a0\u00a0 Nazwij liter\u0119 ,,C ,c\u2019 z pomoc\u0105 rodzica. Zaznacz w podany spos\u00f3b liter\u0119 ,,c, C\u201d. Przeczytaj slaby, zdania wsp\u00f3lnie z rodzicami, a potem pr\u00f3buj samodzielnie<\/p>\n<p>str. 40 i 41<\/p>\n<p>&nbsp;<\/p>\n<p><strong>Wtorek 24.03.2020 &#8211; ,,Zmienna pogoda\u201d<\/strong><\/p>\n<p><strong>\u00a0<\/strong><\/p>\n<ol>\n<li>Praca z ksi\u0105\u017ck\u0105 ,,Karty pracy cz.3\u201d ( ksi\u0105\u017cka fioletowa).<\/li>\n<\/ol>\n<p>&#8211;\u00a0\u00a0\u00a0 Uzupe\u0142nij sw\u00f3j kalendarz pogody, nazwij dzie\u0144 tygodnia\u00a0 str.49<\/p>\n<p>Doko\u0144cz szlaczek wed\u0142ug podanego rytmu str.49<\/p>\n<p>&#8211;\u00a0\u00a0\u00a0 Uzupe\u0142nij brakuj\u0105ce fragmenty zdj\u0119cia zgodnie z poleceniem str.45<\/p>\n<p>&#8211;\u00a0\u00a0\u00a0 Przeczytaj samodzielnie lub z pomoc\u0105 rodzic\u00f3w ,,kule, ko\u0142a\u201d, wykonaj zadania<\/p>\n<p>zgodnie z poleceniem str.50<\/p>\n<p>&nbsp;<\/p>\n<p><strong>\u015aroda 25.03.2020r &#8211; ,,Marcowi przyjaciele\u201d<\/strong><\/p>\n<p><strong>\u00a0<\/strong>Praca z ksi\u0105\u017ck\u0105 ,,Karty pracy cz.3\u201d (ksi\u0105\u017cka fioletowa)<\/p>\n<p>&#8211;\u00a0 \u00a0\u00a0Uzupe\u0142nij sw\u00f3j kalendarz pogody, nazwij dzie\u0144 tygodnia str.49<\/p>\n<p>&#8211;\u00a0\u00a0\u00a0 Rysuj szlaczki po \u015bladzie, a potem samodzielnie &#8211; oce\u0144 swoj\u0105 prac\u0119 znaczkiem str. 47<\/p>\n<ol start=\"2\">\n<li>Praca z ksi\u0105\u017ck\u0105 ,,Litery i liczby\u201d cz.2 (ksi\u0105\u017cka zielona).<\/li>\n<\/ol>\n<p>&#8211;\u00a0\u00a0\u00a0 Pokoloruj odpowiedni\u0105 liczb\u0119 kratek pod ka\u017cd\u0105 cyfr\u0105, wybieraj r\u00f3\u017cne kolory str. 44<\/p>\n<p>&#8211;\u00a0\u00a0\u00a0 Utrwalaj poznane litery, podejmuj pr\u00f3by czytania- \u00a0zdania pod obrazkiem\u00a0 str.42<\/p>\n<p>&nbsp;<\/p>\n<p><strong>Czwartek 26.03.2020 ,,Kalendarz pogody\u201d<\/strong><\/p>\n<p><strong>\u00a0<\/strong><\/p>\n<ol>\n<li>Praca z ksi\u0105\u017ck\u0105 ,,Karty pracy cz.3\u201d ( ksi\u0105\u017cka fioletowa).<\/li>\n<\/ol>\n<p><strong>\u00a0<\/strong><strong>&#8211;\u00a0\u00a0\u00a0 <\/strong>Uzupe\u0142nij sw\u00f3j kalendarz pogody, nazwij dzie\u0144 tygodnia str.49<\/p>\n<p>&#8211;\u00a0\u00a0\u00a0 Rysuj garnki po \u015bladach i pokoloruj wg. kodu barw str. 46.<\/p>\n<p>Wykonaj \u0107wiczenie poni\u017cej marcowych garnk\u00f3w z pogod\u0105 \u00a0str.46<\/p>\n<ol start=\"2\">\n<li>Praca z ksi\u0105\u017ck\u0105 ,,Litery i liczby\u201d cz.2 (ksi\u0105\u017cka zielona)<\/li>\n<\/ol>\n<p>&#8211;\u00a0\u00a0\u00a0 \u00a0Utrwalaj litery,\u00a0 przeczytaj sylaby tworz\u0105c wyrazy str.49<\/p>\n<p>&#8211;\u00a0\u00a0\u00a0\u00a0 Napisz po \u015bladzie liter\u0119 ,,C, c\u201d, pr\u00f3buj napisa\u0107 samodzielnie wed\u0142ug wzoru str. 43<\/p>\n<p>&nbsp;<\/p>\n<p><strong>Pi\u0105tek 27.03.2020 \u00a0,,Co p\u0142ywa?\u00a0 Co tonie? \u201d<\/strong><\/p>\n<p><strong>\u00a0<\/strong><\/p>\n<ol>\n<li>Praca z ksi\u0105\u017ck\u0105 ,,Karty pracy cz.3\u201d ( ksi\u0105\u017cka fioletowa).<\/li>\n<\/ol>\n<p>&#8211;\u00a0\u00a0\u00a0 Uzupe\u0142nij sw\u00f3j kalendarz pogody, nazwij dzie\u0144 tygodnia str.49<\/p>\n<ol start=\"2\">\n<li>Przygotuj z pomoc\u0105 rodzic\u00f3w r\u00f3\u017cne przedmioty np. monet\u0119, korek, gumow\u0105 zabawk\u0119, plastelin\u0119, pi\u00f3rko, spinacz itp. oraz pojemnik z wod\u0105. Sprawd\u017a &#8211; Co p\u0142ywa?\u00a0 Co tonie? Je\u017celi nie odgadniesz dlaczego tak si\u0119 dzieje z przedmiotami, popro\u015b o pomoc rodzica.<\/li>\n<\/ol>\n<p>Na zako\u0144czenie zabawy mo\u017cesz wykona\u0107 \u0142\u00f3dk\u0119 z papieru (sk\u0142adanka origami)<\/p>\n<p>i sprawdzi\u0107 czy p\u0142ywa i dlaczego.<\/p>\n<ol start=\"3\">\n<li>Praca z ksi\u0105\u017ck\u0105 ,,Karty pracy cz.3\u201d ( ksi\u0105\u017cka fioletowa).<\/li>\n<\/ol>\n<p><strong>\u00a0<\/strong><strong>&#8211;\u00a0\u00a0\u00a0 <\/strong>Wykonaj \u0107wiczenia na podstawie przeprowadzonego do\u015bwiadczenia str.51<\/p>\n<p><strong>\u00a0<\/strong>Ogl\u0105dnij sw\u00f3j kalendarz pogody str. 49<\/p>\n<p>&#8211;\u00a0\u00a0\u00a0 Pomy\u015bl i wyja\u015bnij przys\u0142owie ,,W marcu \u00a0jak \u00a0w \u00a0\u00a0garncu\u201d.<\/p>\n<p>&#8211;\u00a0\u00a0\u00a0 Przypomnij nazw\u0119 aktualnego miesi\u0105ca.<\/p>\n<p>&#8211; \u00a0\u00a0 Wykonaj prac\u0119 plastyczn\u0105 kredkami b\u0105d\u017a farbami ,,Marcowa pogoda\u201d<\/p>\n","protected":false},"excerpt":{"rendered":"<p>Materia\u0142y do pracy dla dzieci z oddzia\u0142u ,,0\u201d w dniach 23.03.2020- 27.03.2020 \u00a0 Temat tygodnia: Marcowa pogoda \u00a0 Poniedzia\u0142ek 23.03.2020 &#8211; \u00a0,,W marcu jak w garncu\u201d \u00a0Praca z ksi\u0105\u017ck\u0105 ,,Karty pracy cz.3\u201d ( ksi\u0105\u017cka fioletowa). &#8211;\u00a0\u00a0\u00a0 Obejrzyj zdj\u0119cia \u00a0i nazwij elementy pogody, \u00a0rysuj po \u015bladach str.44 &#8211;\u00a0\u00a0\u00a0 Uzupe\u0142nij sw\u00f3j kalendarz [&hellip;]<\/p>\n","protected":false},"author":1,"featured_media":0,"parent":0,"menu_order":0,"comment_status":"closed","ping_status":"closed","template":"","meta":{"ngg_post_thumbnail":0},"_links":{"self":[{"href":"https:\/\/zspdabrowka.pl\/spdabrowka\/wp-json\/wp\/v2\/pages\/1533"}],"collection":[{"href":"https:\/\/zspdabrowka.pl\/spdabrowka\/wp-json\/wp\/v2\/pages"}],"about":[{"href":"https:\/\/zspdabrowka.pl\/spdabrowka\/wp-json\/wp\/v2\/types\/page"}],"author":[{"embeddable":true,"href":"https:\/\/zspdabrowka.pl\/spdabrowka\/wp-json\/wp\/v2\/users\/1"}],"replies":[{"embeddable":true,"href":"https:\/\/zspdabrowka.pl\/spdabrowka\/wp-json\/wp\/v2\/comments?post=1533"}],"version-history":[{"count":2,"href":"https:\/\/zspdabrowka.pl\/spdabrowka\/wp-json\/wp\/v2\/pages\/1533\/revisions"}],"predecessor-version":[{"id":1535,"href":"https:\/\/zspdabrowka.pl\/spdabrowka\/wp-json\/wp\/v2\/pages\/1533\/revisions\/1535"}],"wp:attachment":[{"href":"https:\/\/zspdabrowka.pl\/spdabrowka\/wp-json\/wp\/v2\/media?parent=1533"}],"curies":[{"name":"wp","href":"https:\/\/api.w.org\/{rel}","templated":true}]}}