{"id":100,"date":"2018-10-24T23:01:02","date_gmt":"2018-10-24T21:01:02","guid":{"rendered":"https:\/\/zspdabrowka.pl\/spdabrowka\/?page_id=100"},"modified":"2020-03-19T14:32:48","modified_gmt":"2020-03-19T13:32:48","slug":"informacje-2","status":"publish","type":"page","link":"https:\/\/zspdabrowka.pl\/spdabrowka\/informacje-2\/","title":{"rendered":"Informacje"},"content":{"rendered":"<h6 class=\"Standard\" style=\"text-align: left;\" align=\"center\"><span style=\"color: #008000;\"><b>Informacja dla rodzic\u00f3w:<\/b><\/span><\/h6>\n<h6 class=\"Standard\" style=\"text-align: left;\" align=\"center\"><span style=\"color: #008000;\"><b><span style=\"font-size: 14.0pt;\">Jak wspiera\u0107 i motywowa\u0107 dzieci do nauki poza szko\u0142\u0105?<\/span><\/b><\/span><\/h6>\n<p>Do pobrania:\u00a0<a href=\"http:\/\/zspdabrowka.pl\/spdabrowka\/wp-content\/uploads\/2020\/03\/Informacja-rodzice.docx\">Informacja rodzice<\/a><\/p>\n<p><em>\u00a0<\/em><\/p>\n<p><span style=\"color: #800080;\"><strong>Telefoniczne wsparcie psychologiczne dla dzieci i doros\u0142ych<\/strong><strong>\u00a0<\/strong><\/span><\/p>\n<p><span style=\"color: #800080;\"><strong>Specjali\u015bci O\u015brodka\u00a0 Interwencji Kryzysowej w Bochni<\/strong><\/span><\/p>\n<p><em>tel.: 14 611 28 92<\/em><\/p>\n<p><em>\u00a0<\/em><\/p>\n<p><span style=\"color: #800080;\"><strong>Pracownicy Poradni Psychologiczno \u2013 Pedagogicznej w Bochni\u00a0 w godz. 7.00 \u2013 15.00<\/strong><\/span><\/p>\n<p><em>tel.: 14 612 36 91<\/em><\/p>\n<p><em>tel. kom.: 691 494 436<\/em><\/p>\n<h6 align=\"center\"><\/h6>\n<h6 class=\"Standard\" style=\"text-align: left;\" align=\"center\"><span style=\"color: #008000;\"><b>Informacja dla dzieci:<\/b><\/span><\/h6>\n<p><span style=\"color: #008000;\"><b><span style=\"font-size: 14.0pt; line-height: 150%;\">Zasady bezpiecznego korzystania z Internetu<\/span><\/b><\/span><\/p>\n<p>Do pobrania:\u00a0<a href=\"http:\/\/zspdabrowka.pl\/spdabrowka\/wp-content\/uploads\/2020\/03\/Zasady-bezpiecznego-korzystania-z-Internetu.docx\">Zasady bezpiecznego korzystania z Internetu<\/a><\/p>\n","protected":false},"excerpt":{"rendered":"<p>Informacja dla rodzic\u00f3w: Jak wspiera\u0107 i motywowa\u0107 dzieci do nauki poza szko\u0142\u0105? Do pobrania:\u00a0Informacja rodzice \u00a0 Telefoniczne wsparcie psychologiczne dla dzieci i doros\u0142ych\u00a0 Specjali\u015bci O\u015brodka\u00a0 Interwencji Kryzysowej w Bochni tel.: 14 611 28 92 \u00a0 Pracownicy Poradni Psychologiczno \u2013 Pedagogicznej w Bochni\u00a0 w godz. 7.00 \u2013 15.00 tel.: 14 612 [&hellip;]<\/p>\n","protected":false},"author":1,"featured_media":0,"parent":0,"menu_order":0,"comment_status":"closed","ping_status":"closed","template":"","meta":{"ngg_post_thumbnail":0},"_links":{"self":[{"href":"https:\/\/zspdabrowka.pl\/spdabrowka\/wp-json\/wp\/v2\/pages\/100"}],"collection":[{"href":"https:\/\/zspdabrowka.pl\/spdabrowka\/wp-json\/wp\/v2\/pages"}],"about":[{"href":"https:\/\/zspdabrowka.pl\/spdabrowka\/wp-json\/wp\/v2\/types\/page"}],"author":[{"embeddable":true,"href":"https:\/\/zspdabrowka.pl\/spdabrowka\/wp-json\/wp\/v2\/users\/1"}],"replies":[{"embeddable":true,"href":"https:\/\/zspdabrowka.pl\/spdabrowka\/wp-json\/wp\/v2\/comments?post=100"}],"version-history":[{"count":3,"href":"https:\/\/zspdabrowka.pl\/spdabrowka\/wp-json\/wp\/v2\/pages\/100\/revisions"}],"predecessor-version":[{"id":1270,"href":"https:\/\/zspdabrowka.pl\/spdabrowka\/wp-json\/wp\/v2\/pages\/100\/revisions\/1270"}],"wp:attachment":[{"href":"https:\/\/zspdabrowka.pl\/spdabrowka\/wp-json\/wp\/v2\/media?parent=100"}],"curies":[{"name":"wp","href":"https:\/\/api.w.org\/{rel}","templated":true}]}}